{"id":4061,"date":"2024-12-02T16:26:11","date_gmt":"2024-12-02T16:26:11","guid":{"rendered":"https:\/\/mustveepuukool.ee\/?post_type=product&#038;p=4061"},"modified":"2026-04-21T12:12:39","modified_gmt":"2026-04-21T12:12:39","slug":"juniperus-x-pfitzeriana-gold-coast","status":"publish","type":"product","link":"https:\/\/mustveepuukool.ee\/et\/shop\/taimed\/okaspuud\/juniperus-x-pfitzeriana-gold-coast\/","title":{"rendered":"Juniperus x pfitzeriana &#8216;Gold Coast&#8217;"},"content":{"rendered":"<p>Okkad kahvatukollased, pehmed. 10-aastane taim kuni 0,5 m k\u00f5rgusega ja 1,5 m laiaks. Talub v\u00e4ga h\u00e4sti l\u00f5ikamist.<\/p>","protected":false},"excerpt":{"rendered":"<p>Pfitzeri kadakas<br \/>\u25d1\u3007 <br \/>&#8212; 29\u00b0C (5 tsoon)<\/p>","protected":false},"featured_media":4062,"template":"","meta":[],"product_brand":[],"product_cat":[25],"product_tag":[],"class_list":{"0":"post-4061","1":"product","2":"type-product","3":"status-publish","4":"has-post-thumbnail","6":"product_cat-okaspuud","7":"pa_suurus-15cm-pott","9":"first","10":"instock","11":"shipping-taxable","12":"purchasable","13":"product-type-variable","14":"has-default-attributes"},"jetpack_sharing_enabled":true,"_links":{"self":[{"href":"https:\/\/mustveepuukool.ee\/et\/wp-json\/wp\/v2\/product\/4061","targetHints":{"allow":["GET"]}}],"collection":[{"href":"https:\/\/mustveepuukool.ee\/et\/wp-json\/wp\/v2\/product"}],"about":[{"href":"https:\/\/mustveepuukool.ee\/et\/wp-json\/wp\/v2\/types\/product"}],"version-history":[{"count":1,"href":"https:\/\/mustveepuukool.ee\/et\/wp-json\/wp\/v2\/product\/4061\/revisions"}],"predecessor-version":[{"id":4063,"href":"https:\/\/mustveepuukool.ee\/et\/wp-json\/wp\/v2\/product\/4061\/revisions\/4063"}],"wp:featuredmedia":[{"embeddable":true,"href":"https:\/\/mustveepuukool.ee\/et\/wp-json\/wp\/v2\/media\/4062"}],"wp:attachment":[{"href":"https:\/\/mustveepuukool.ee\/et\/wp-json\/wp\/v2\/media?parent=4061"}],"wp:term":[{"taxonomy":"product_brand","embeddable":true,"href":"https:\/\/mustveepuukool.ee\/et\/wp-json\/wp\/v2\/product_brand?post=4061"},{"taxonomy":"product_cat","embeddable":true,"href":"https:\/\/mustveepuukool.ee\/et\/wp-json\/wp\/v2\/product_cat?post=4061"},{"taxonomy":"product_tag","embeddable":true,"href":"https:\/\/mustveepuukool.ee\/et\/wp-json\/wp\/v2\/product_tag?post=4061"}],"curies":[{"name":"wp","href":"https:\/\/api.w.org\/{rel}","templated":true}]}}