{"id":4091,"date":"2024-12-02T17:29:29","date_gmt":"2024-12-02T17:29:29","guid":{"rendered":"https:\/\/mustveepuukool.ee\/?post_type=product&#038;p=4091"},"modified":"2026-01-19T16:48:52","modified_gmt":"2026-01-19T16:48:52","slug":"berberis-thunbergii-harlequin","status":"publish","type":"product","link":"https:\/\/mustveepuukool.ee\/et\/shop\/taimed\/ilupoosad\/kukerpuu\/berberis-thunbergii-harlequin\/","title":{"rendered":"Berberis thunbergii &#8216;Harlequin&#8217;"},"content":{"rendered":"<p>S\u00fcgisv\u00e4rv sarlakpunane. Korallpunased piklikud viljad v\u00f5rsetel talv l\u00e4bi. S\u00f6\u00f6dav lehed, \u00f5ied,viljad.<\/p>","protected":false},"excerpt":{"rendered":"<p>Thunbergi kukerpuu<br \/>\u2191 1,5 m<br \/>\u2194 1,5 m <br \/>\u25d1\u3007 <br \/>&#8212; 29\u00b0C (5 tsoon)<\/p>","protected":false},"featured_media":4092,"template":"","meta":[],"product_brand":[],"product_cat":[210],"product_tag":[],"class_list":{"0":"post-4091","1":"product","2":"type-product","3":"status-publish","4":"has-post-thumbnail","6":"product_cat-kukerpuu","7":"pa_suurus-9cm-pott","9":"first","10":"outofstock","11":"shipping-taxable","12":"purchasable","13":"product-type-variable","14":"has-default-attributes"},"jetpack_sharing_enabled":true,"_links":{"self":[{"href":"https:\/\/mustveepuukool.ee\/et\/wp-json\/wp\/v2\/product\/4091","targetHints":{"allow":["GET"]}}],"collection":[{"href":"https:\/\/mustveepuukool.ee\/et\/wp-json\/wp\/v2\/product"}],"about":[{"href":"https:\/\/mustveepuukool.ee\/et\/wp-json\/wp\/v2\/types\/product"}],"version-history":[{"count":2,"href":"https:\/\/mustveepuukool.ee\/et\/wp-json\/wp\/v2\/product\/4091\/revisions"}],"predecessor-version":[{"id":4520,"href":"https:\/\/mustveepuukool.ee\/et\/wp-json\/wp\/v2\/product\/4091\/revisions\/4520"}],"wp:featuredmedia":[{"embeddable":true,"href":"https:\/\/mustveepuukool.ee\/et\/wp-json\/wp\/v2\/media\/4092"}],"wp:attachment":[{"href":"https:\/\/mustveepuukool.ee\/et\/wp-json\/wp\/v2\/media?parent=4091"}],"wp:term":[{"taxonomy":"product_brand","embeddable":true,"href":"https:\/\/mustveepuukool.ee\/et\/wp-json\/wp\/v2\/product_brand?post=4091"},{"taxonomy":"product_cat","embeddable":true,"href":"https:\/\/mustveepuukool.ee\/et\/wp-json\/wp\/v2\/product_cat?post=4091"},{"taxonomy":"product_tag","embeddable":true,"href":"https:\/\/mustveepuukool.ee\/et\/wp-json\/wp\/v2\/product_tag?post=4091"}],"curies":[{"name":"wp","href":"https:\/\/api.w.org\/{rel}","templated":true}]}}