{"id":4101,"date":"2024-12-02T17:53:44","date_gmt":"2024-12-02T17:53:44","guid":{"rendered":"https:\/\/mustveepuukool.ee\/?post_type=product&#038;p=4101"},"modified":"2026-04-10T12:09:26","modified_gmt":"2026-04-10T12:09:26","slug":"cornus-alba-aurea","status":"publish","type":"product","link":"https:\/\/mustveepuukool.ee\/et\/shop\/taimed\/ilupoosad\/kontpuu\/cornus-alba-aurea\/","title":{"rendered":"Cornus alba &#8216;Aurea&#8217;"},"content":{"rendered":"<p>Lehed on kuldkollased, s\u00fcgisel oran\u017eiks v\u00f5i punakaks. V\u00f5rsed mustjaspunased. \u00d5ied on valged. S\u00f6\u00f6dav marjad. Kiirekasvuline. <\/p>","protected":false},"excerpt":{"rendered":"<p>Siberi kontpuu<br \/>\u2191 2-2,5 m <br \/>\u2194 2-2,5 m <br \/>\u25d1\u3007 <br \/>&#8212; 29\u00b0C (5 tsoon)<\/p>","protected":false},"featured_media":4102,"template":"","meta":[],"product_brand":[],"product_cat":[126],"product_tag":[],"class_list":{"0":"post-4101","1":"product","2":"type-product","3":"status-publish","4":"has-post-thumbnail","6":"product_cat-kontpuu","7":"pa_suurus-3l-pott","8":"pa_suurus-5l-pott","9":"pa_suurus-9cm-pott","11":"first","12":"instock","13":"shipping-taxable","14":"purchasable","15":"product-type-variable","16":"has-default-attributes"},"jetpack_sharing_enabled":true,"_links":{"self":[{"href":"https:\/\/mustveepuukool.ee\/et\/wp-json\/wp\/v2\/product\/4101","targetHints":{"allow":["GET"]}}],"collection":[{"href":"https:\/\/mustveepuukool.ee\/et\/wp-json\/wp\/v2\/product"}],"about":[{"href":"https:\/\/mustveepuukool.ee\/et\/wp-json\/wp\/v2\/types\/product"}],"version-history":[{"count":2,"href":"https:\/\/mustveepuukool.ee\/et\/wp-json\/wp\/v2\/product\/4101\/revisions"}],"predecessor-version":[{"id":4548,"href":"https:\/\/mustveepuukool.ee\/et\/wp-json\/wp\/v2\/product\/4101\/revisions\/4548"}],"wp:featuredmedia":[{"embeddable":true,"href":"https:\/\/mustveepuukool.ee\/et\/wp-json\/wp\/v2\/media\/4102"}],"wp:attachment":[{"href":"https:\/\/mustveepuukool.ee\/et\/wp-json\/wp\/v2\/media?parent=4101"}],"wp:term":[{"taxonomy":"product_brand","embeddable":true,"href":"https:\/\/mustveepuukool.ee\/et\/wp-json\/wp\/v2\/product_brand?post=4101"},{"taxonomy":"product_cat","embeddable":true,"href":"https:\/\/mustveepuukool.ee\/et\/wp-json\/wp\/v2\/product_cat?post=4101"},{"taxonomy":"product_tag","embeddable":true,"href":"https:\/\/mustveepuukool.ee\/et\/wp-json\/wp\/v2\/product_tag?post=4101"}],"curies":[{"name":"wp","href":"https:\/\/api.w.org\/{rel}","templated":true}]}}