{"id":4111,"date":"2024-12-02T18:32:47","date_gmt":"2024-12-02T18:32:47","guid":{"rendered":"https:\/\/mustveepuukool.ee\/?post_type=product&#038;p=4111"},"modified":"2026-01-19T16:48:52","modified_gmt":"2026-01-19T16:48:52","slug":"deutzia-hybrida-tourbillon-rouge","status":"publish","type":"product","link":"https:\/\/mustveepuukool.ee\/et\/shop\/taimed\/ilupoosad\/deutsiad\/deutzia-hybrida-tourbillon-rouge\/","title":{"rendered":"Deutzia hybrida &#8216;Tourbillon Rouge&#8217;"},"content":{"rendered":"<p>\u00d5itseb luksulikult! \u00d5ied t\u00e4hekujulised, l\u00f5hnavad, s\u00e4ravad, karmiinroosa valge kroonlehtede servaga.<\/p>","protected":false},"excerpt":{"rendered":"<p>Aed-deutsia<br \/>\u2191 2 m <br \/>\u2194 1.5 m <br \/>\u25d1\u3007 <br \/>\ua564 juuni <br \/>&#8212; 29\u00b0C (5 tsoon)<\/p>","protected":false},"featured_media":4112,"template":"","meta":[],"product_brand":[],"product_cat":[209],"product_tag":[],"class_list":{"0":"post-4111","1":"product","2":"type-product","3":"status-publish","4":"has-post-thumbnail","6":"product_cat-deutsiad","7":"pa_suurus-9cm-pott","9":"first","10":"outofstock","11":"shipping-taxable","12":"purchasable","13":"product-type-variable","14":"has-default-attributes"},"jetpack_sharing_enabled":true,"_links":{"self":[{"href":"https:\/\/mustveepuukool.ee\/et\/wp-json\/wp\/v2\/product\/4111","targetHints":{"allow":["GET"]}}],"collection":[{"href":"https:\/\/mustveepuukool.ee\/et\/wp-json\/wp\/v2\/product"}],"about":[{"href":"https:\/\/mustveepuukool.ee\/et\/wp-json\/wp\/v2\/types\/product"}],"version-history":[{"count":2,"href":"https:\/\/mustveepuukool.ee\/et\/wp-json\/wp\/v2\/product\/4111\/revisions"}],"predecessor-version":[{"id":4564,"href":"https:\/\/mustveepuukool.ee\/et\/wp-json\/wp\/v2\/product\/4111\/revisions\/4564"}],"wp:featuredmedia":[{"embeddable":true,"href":"https:\/\/mustveepuukool.ee\/et\/wp-json\/wp\/v2\/media\/4112"}],"wp:attachment":[{"href":"https:\/\/mustveepuukool.ee\/et\/wp-json\/wp\/v2\/media?parent=4111"}],"wp:term":[{"taxonomy":"product_brand","embeddable":true,"href":"https:\/\/mustveepuukool.ee\/et\/wp-json\/wp\/v2\/product_brand?post=4111"},{"taxonomy":"product_cat","embeddable":true,"href":"https:\/\/mustveepuukool.ee\/et\/wp-json\/wp\/v2\/product_cat?post=4111"},{"taxonomy":"product_tag","embeddable":true,"href":"https:\/\/mustveepuukool.ee\/et\/wp-json\/wp\/v2\/product_tag?post=4111"}],"curies":[{"name":"wp","href":"https:\/\/api.w.org\/{rel}","templated":true}]}}