{"id":4421,"date":"2024-12-12T14:25:31","date_gmt":"2024-12-12T14:25:31","guid":{"rendered":"https:\/\/mustveepuukool.ee\/?post_type=product&#038;p=4421"},"modified":"2026-03-25T10:03:14","modified_gmt":"2026-03-25T10:03:14","slug":"juniperus-horizontalis-prince-of-wales","status":"publish","type":"product","link":"https:\/\/mustveepuukool.ee\/et\/shop\/taimed\/okaspuud\/juniperus-horizontalis-prince-of-wales\/","title":{"rendered":"Juniperus horizontalis &#8216;Prince of Wales&#8217;"},"content":{"rendered":"<p>Okkad helerohelised, pehmed. 10-aastane taim kuni 15-20cm k\u00f5rgusega ja 1,5 m laiaks. Talub v\u00e4ga h\u00e4sti l\u00f5ikamist.<\/p>","protected":false},"excerpt":{"rendered":"<p>Roomav kadakas<br \/>\u21911 m \u2194 90 cm<br \/>\u25d1\u3007 <br \/>&#8212; 29\u00b0C (5 tsoon)<\/p>","protected":false},"featured_media":4422,"template":"","meta":[],"product_brand":[],"product_cat":[25],"product_tag":[],"class_list":{"0":"post-4421","1":"product","2":"type-product","3":"status-publish","4":"has-post-thumbnail","6":"product_cat-okaspuud","7":"pa_suurus-9cm-pott","9":"first","10":"instock","11":"shipping-taxable","12":"purchasable","13":"product-type-variable","14":"has-default-attributes"},"jetpack_sharing_enabled":true,"_links":{"self":[{"href":"https:\/\/mustveepuukool.ee\/et\/wp-json\/wp\/v2\/product\/4421","targetHints":{"allow":["GET"]}}],"collection":[{"href":"https:\/\/mustveepuukool.ee\/et\/wp-json\/wp\/v2\/product"}],"about":[{"href":"https:\/\/mustveepuukool.ee\/et\/wp-json\/wp\/v2\/types\/product"}],"version-history":[{"count":2,"href":"https:\/\/mustveepuukool.ee\/et\/wp-json\/wp\/v2\/product\/4421\/revisions"}],"predecessor-version":[{"id":4425,"href":"https:\/\/mustveepuukool.ee\/et\/wp-json\/wp\/v2\/product\/4421\/revisions\/4425"}],"wp:featuredmedia":[{"embeddable":true,"href":"https:\/\/mustveepuukool.ee\/et\/wp-json\/wp\/v2\/media\/4422"}],"wp:attachment":[{"href":"https:\/\/mustveepuukool.ee\/et\/wp-json\/wp\/v2\/media?parent=4421"}],"wp:term":[{"taxonomy":"product_brand","embeddable":true,"href":"https:\/\/mustveepuukool.ee\/et\/wp-json\/wp\/v2\/product_brand?post=4421"},{"taxonomy":"product_cat","embeddable":true,"href":"https:\/\/mustveepuukool.ee\/et\/wp-json\/wp\/v2\/product_cat?post=4421"},{"taxonomy":"product_tag","embeddable":true,"href":"https:\/\/mustveepuukool.ee\/et\/wp-json\/wp\/v2\/product_tag?post=4421"}],"curies":[{"name":"wp","href":"https:\/\/api.w.org\/{rel}","templated":true}]}}