{"id":4568,"date":"2024-12-14T10:24:58","date_gmt":"2024-12-14T10:24:58","guid":{"rendered":"https:\/\/mustveepuukool.ee\/?post_type=product&#038;p=4568"},"modified":"2026-04-10T15:05:54","modified_gmt":"2026-04-10T15:05:54","slug":"diervilla-sessilifolia","status":"publish","type":"product","link":"https:\/\/mustveepuukool.ee\/et\/shop\/taimed\/ilupoosad\/muud-ilupoosad\/diervilla-sessilifolia\/","title":{"rendered":"Diervilla sessilifolia"},"content":{"rendered":"<p>Putukate lemmik. Tumeroheliste lehtede, punaste varte ja kollaste l\u00f5hnavate \u00f5itega. Ilus s\u00fcgisv\u00e4rv.<\/p>","protected":false},"excerpt":{"rendered":"<p>Teravalehine diervilla<br \/>\u2191 1 m <br \/>\u2194 1 m <br \/>\u25cf\u25d1\u3007 <br \/>\ua564 juuni-juuli <br \/>&#8212; 29\u00b0C (5 tsoon)<\/p>","protected":false},"featured_media":4569,"template":"","meta":[],"product_brand":[],"product_cat":[127],"product_tag":[],"class_list":{"0":"post-4568","1":"product","2":"type-product","3":"status-publish","4":"has-post-thumbnail","6":"product_cat-muud-ilupoosad","7":"pa_suurus-13cm-pott","9":"first","10":"instock","11":"shipping-taxable","12":"purchasable","13":"product-type-variable","14":"has-default-attributes"},"jetpack_sharing_enabled":true,"_links":{"self":[{"href":"https:\/\/mustveepuukool.ee\/et\/wp-json\/wp\/v2\/product\/4568","targetHints":{"allow":["GET"]}}],"collection":[{"href":"https:\/\/mustveepuukool.ee\/et\/wp-json\/wp\/v2\/product"}],"about":[{"href":"https:\/\/mustveepuukool.ee\/et\/wp-json\/wp\/v2\/types\/product"}],"version-history":[{"count":1,"href":"https:\/\/mustveepuukool.ee\/et\/wp-json\/wp\/v2\/product\/4568\/revisions"}],"predecessor-version":[{"id":4570,"href":"https:\/\/mustveepuukool.ee\/et\/wp-json\/wp\/v2\/product\/4568\/revisions\/4570"}],"wp:featuredmedia":[{"embeddable":true,"href":"https:\/\/mustveepuukool.ee\/et\/wp-json\/wp\/v2\/media\/4569"}],"wp:attachment":[{"href":"https:\/\/mustveepuukool.ee\/et\/wp-json\/wp\/v2\/media?parent=4568"}],"wp:term":[{"taxonomy":"product_brand","embeddable":true,"href":"https:\/\/mustveepuukool.ee\/et\/wp-json\/wp\/v2\/product_brand?post=4568"},{"taxonomy":"product_cat","embeddable":true,"href":"https:\/\/mustveepuukool.ee\/et\/wp-json\/wp\/v2\/product_cat?post=4568"},{"taxonomy":"product_tag","embeddable":true,"href":"https:\/\/mustveepuukool.ee\/et\/wp-json\/wp\/v2\/product_tag?post=4568"}],"curies":[{"name":"wp","href":"https:\/\/api.w.org\/{rel}","templated":true}]}}