{"id":4651,"date":"2024-12-15T19:43:23","date_gmt":"2024-12-15T19:43:23","guid":{"rendered":"https:\/\/mustveepuukool.ee\/?post_type=product&#038;p=4651"},"modified":"2026-04-19T08:04:45","modified_gmt":"2026-04-19T08:04:45","slug":"philadelphus-manteau-d-hermine","status":"publish","type":"product","link":"https:\/\/mustveepuukool.ee\/et\/shop\/taimed\/ilupoosad\/ebajasmiinid\/philadelphus-manteau-d-hermine\/","title":{"rendered":"Philadelphus  &#8216;Manteau d-Hermine&#8217;"},"content":{"rendered":"<p>Metsmaasikal\u00f5hnalised rikkalikult \u00fcle p\u00f5\u00f5sa laotunud lumivalged t\u00e4idis\u00f5ied.<\/p>","protected":false},"excerpt":{"rendered":"<p>Ebajasmiin<br \/>\u2191 90-100 \u0441m <br \/>\u2194 90-120 \u0441m <br \/>\u25d1\u3007 <br \/>\ua564 juuni-juuli <br \/>&#8212; 29\u00b0C (5 tsoon)<\/p>","protected":false},"featured_media":4652,"template":"","meta":[],"product_brand":[],"product_cat":[77],"product_tag":[],"class_list":{"0":"post-4651","1":"product","2":"type-product","3":"status-publish","4":"has-post-thumbnail","6":"product_cat-ebajasmiinid","7":"pa_suurus-30-cm","9":"first","10":"instock","11":"shipping-taxable","12":"purchasable","13":"product-type-variable","14":"has-default-attributes"},"jetpack_sharing_enabled":true,"_links":{"self":[{"href":"https:\/\/mustveepuukool.ee\/et\/wp-json\/wp\/v2\/product\/4651","targetHints":{"allow":["GET"]}}],"collection":[{"href":"https:\/\/mustveepuukool.ee\/et\/wp-json\/wp\/v2\/product"}],"about":[{"href":"https:\/\/mustveepuukool.ee\/et\/wp-json\/wp\/v2\/types\/product"}],"version-history":[{"count":2,"href":"https:\/\/mustveepuukool.ee\/et\/wp-json\/wp\/v2\/product\/4651\/revisions"}],"predecessor-version":[{"id":4655,"href":"https:\/\/mustveepuukool.ee\/et\/wp-json\/wp\/v2\/product\/4651\/revisions\/4655"}],"wp:featuredmedia":[{"embeddable":true,"href":"https:\/\/mustveepuukool.ee\/et\/wp-json\/wp\/v2\/media\/4652"}],"wp:attachment":[{"href":"https:\/\/mustveepuukool.ee\/et\/wp-json\/wp\/v2\/media?parent=4651"}],"wp:term":[{"taxonomy":"product_brand","embeddable":true,"href":"https:\/\/mustveepuukool.ee\/et\/wp-json\/wp\/v2\/product_brand?post=4651"},{"taxonomy":"product_cat","embeddable":true,"href":"https:\/\/mustveepuukool.ee\/et\/wp-json\/wp\/v2\/product_cat?post=4651"},{"taxonomy":"product_tag","embeddable":true,"href":"https:\/\/mustveepuukool.ee\/et\/wp-json\/wp\/v2\/product_tag?post=4651"}],"curies":[{"name":"wp","href":"https:\/\/api.w.org\/{rel}","templated":true}]}}