{"id":4674,"date":"2024-12-15T20:27:58","date_gmt":"2024-12-15T20:27:58","guid":{"rendered":"https:\/\/mustveepuukool.ee\/?post_type=product&#038;p=4674"},"modified":"2026-04-10T12:36:53","modified_gmt":"2026-04-10T12:36:53","slug":"physocarpus-opulifolius-andre","status":"publish","type":"product","link":"https:\/\/mustveepuukool.ee\/et\/shop\/taimed\/ilupoosad\/lodjap-poisenelad\/physocarpus-opulifolius-andre\/","title":{"rendered":"Physocarpus opulifolius &#8216;Andre&#8217;"},"content":{"rendered":"<p>Lehed veinpunased, s\u00fcgisel oran\u017eika v\u00e4rvusega. \u00d5ied on roosakasvalged. Kiirekasvuline p\u00f5\u00f5sas, hooldusvaba.<\/p>","protected":false},"excerpt":{"rendered":"<p>Lodjap-p\u00f5isenelas<br \/>\u2191 1,5-2 m <br \/>\u2194 1,5-2 m <br \/>\u25d1\u3007 <br \/>\ua564 juuni-juuli <br \/>&#8212; 29\u00b0C (5 tsoon)<\/p>","protected":false},"featured_media":4675,"template":"","meta":[],"product_brand":[],"product_cat":[78],"product_tag":[],"class_list":{"0":"post-4674","1":"product","2":"type-product","3":"status-publish","4":"has-post-thumbnail","6":"product_cat-lodjap-poisenelad","7":"pa_suurus-2l-pott","9":"first","10":"instock","11":"shipping-taxable","12":"purchasable","13":"product-type-variable","14":"has-default-attributes"},"jetpack_sharing_enabled":true,"_links":{"self":[{"href":"https:\/\/mustveepuukool.ee\/et\/wp-json\/wp\/v2\/product\/4674","targetHints":{"allow":["GET"]}}],"collection":[{"href":"https:\/\/mustveepuukool.ee\/et\/wp-json\/wp\/v2\/product"}],"about":[{"href":"https:\/\/mustveepuukool.ee\/et\/wp-json\/wp\/v2\/types\/product"}],"version-history":[{"count":2,"href":"https:\/\/mustveepuukool.ee\/et\/wp-json\/wp\/v2\/product\/4674\/revisions"}],"predecessor-version":[{"id":4678,"href":"https:\/\/mustveepuukool.ee\/et\/wp-json\/wp\/v2\/product\/4674\/revisions\/4678"}],"wp:featuredmedia":[{"embeddable":true,"href":"https:\/\/mustveepuukool.ee\/et\/wp-json\/wp\/v2\/media\/4675"}],"wp:attachment":[{"href":"https:\/\/mustveepuukool.ee\/et\/wp-json\/wp\/v2\/media?parent=4674"}],"wp:term":[{"taxonomy":"product_brand","embeddable":true,"href":"https:\/\/mustveepuukool.ee\/et\/wp-json\/wp\/v2\/product_brand?post=4674"},{"taxonomy":"product_cat","embeddable":true,"href":"https:\/\/mustveepuukool.ee\/et\/wp-json\/wp\/v2\/product_cat?post=4674"},{"taxonomy":"product_tag","embeddable":true,"href":"https:\/\/mustveepuukool.ee\/et\/wp-json\/wp\/v2\/product_tag?post=4674"}],"curies":[{"name":"wp","href":"https:\/\/api.w.org\/{rel}","templated":true}]}}