{"id":4706,"date":"2024-12-15T21:09:18","date_gmt":"2024-12-15T21:09:18","guid":{"rendered":"https:\/\/mustveepuukool.ee\/?post_type=product&#038;p=4706"},"modified":"2026-01-19T16:48:15","modified_gmt":"2026-01-19T16:48:15","slug":"potentilla-fruticosa-princess","status":"publish","type":"product","link":"https:\/\/mustveepuukool.ee\/et\/shop\/taimed\/ilupoosad\/maranad\/potentilla-fruticosa-princess\/","title":{"rendered":"Potentilla fruticosa &#8216;Princess&#8217;"},"content":{"rendered":"<p>Hele-roosad \u00f5ied. \u00dcks v\u00e4hestest s\u00fcgisel \u00f5itsevatest p\u00f5\u00f5sastest. \u00d5itseb kuni k\u00fclmadeni v\u00e4lja. Hooldusvaba.<\/p>","protected":false},"excerpt":{"rendered":"<p>Harilik p\u00f5\u00f5sasmaran<br \/>\u2191 60-80 cm <br \/>\u2194 60-80 cm <br \/>\u25d1\u3007 <br \/>\ua564 juuni-oktoober <br \/>&#8212; 29\u00b0C (5 tsoon)<\/p>","protected":false},"featured_media":4707,"template":"","meta":[],"product_brand":[],"product_cat":[79],"product_tag":[],"class_list":{"0":"post-4706","1":"product","2":"type-product","3":"status-publish","4":"has-post-thumbnail","6":"product_cat-maranad","7":"pa_suurus-9cm-pott","9":"first","10":"outofstock","11":"shipping-taxable","12":"purchasable","13":"product-type-variable","14":"has-default-attributes"},"jetpack_sharing_enabled":true,"_links":{"self":[{"href":"https:\/\/mustveepuukool.ee\/et\/wp-json\/wp\/v2\/product\/4706","targetHints":{"allow":["GET"]}}],"collection":[{"href":"https:\/\/mustveepuukool.ee\/et\/wp-json\/wp\/v2\/product"}],"about":[{"href":"https:\/\/mustveepuukool.ee\/et\/wp-json\/wp\/v2\/types\/product"}],"version-history":[{"count":2,"href":"https:\/\/mustveepuukool.ee\/et\/wp-json\/wp\/v2\/product\/4706\/revisions"}],"predecessor-version":[{"id":4710,"href":"https:\/\/mustveepuukool.ee\/et\/wp-json\/wp\/v2\/product\/4706\/revisions\/4710"}],"wp:featuredmedia":[{"embeddable":true,"href":"https:\/\/mustveepuukool.ee\/et\/wp-json\/wp\/v2\/media\/4707"}],"wp:attachment":[{"href":"https:\/\/mustveepuukool.ee\/et\/wp-json\/wp\/v2\/media?parent=4706"}],"wp:term":[{"taxonomy":"product_brand","embeddable":true,"href":"https:\/\/mustveepuukool.ee\/et\/wp-json\/wp\/v2\/product_brand?post=4706"},{"taxonomy":"product_cat","embeddable":true,"href":"https:\/\/mustveepuukool.ee\/et\/wp-json\/wp\/v2\/product_cat?post=4706"},{"taxonomy":"product_tag","embeddable":true,"href":"https:\/\/mustveepuukool.ee\/et\/wp-json\/wp\/v2\/product_tag?post=4706"}],"curies":[{"name":"wp","href":"https:\/\/api.w.org\/{rel}","templated":true}]}}