{"id":4730,"date":"2024-12-16T17:13:34","date_gmt":"2024-12-16T17:13:34","guid":{"rendered":"https:\/\/mustveepuukool.ee\/?post_type=product&#038;p=4730"},"modified":"2026-05-04T08:49:48","modified_gmt":"2026-05-04T08:49:48","slug":"sambucus-nigra-black-lace","status":"publish","type":"product","link":"https:\/\/mustveepuukool.ee\/et\/shop\/taimed\/ilupoosad\/must-leeder\/sambucus-nigra-black-lace\/","title":{"rendered":"Sambucus nigra  &#8216;Black Lace&#8217;"},"content":{"rendered":"<p>A\u017euurne, peeneks l\u00f5igatud, intensiivse tumelilla v\u00e4rviga lehestik. \u00d5ied hele-roosa, l\u00f5hnavad. Augustis s\u00f6\u00f6dav s\u00e4ravmustad viljad (kasutatakse toidu- jaravimtaimena).<\/p>","protected":false},"excerpt":{"rendered":"<p>Must leeder<br \/>\u2191 2-3 m <br \/>\u2194 2-3 m <br \/>\u25d1\u3007 <br \/>\ua564 juuni-juuli <br \/>&#8212; 29\u00b0C (5 tsoon)<\/p>","protected":false},"featured_media":4731,"template":"","meta":[],"product_brand":[],"product_cat":[212],"product_tag":[],"class_list":{"0":"post-4730","1":"product","2":"type-product","3":"status-publish","4":"has-post-thumbnail","6":"product_cat-must-leeder","7":"pa_suurus-30-cm","9":"first","10":"instock","11":"shipping-taxable","12":"purchasable","13":"product-type-variable","14":"has-default-attributes"},"jetpack_sharing_enabled":true,"_links":{"self":[{"href":"https:\/\/mustveepuukool.ee\/et\/wp-json\/wp\/v2\/product\/4730","targetHints":{"allow":["GET"]}}],"collection":[{"href":"https:\/\/mustveepuukool.ee\/et\/wp-json\/wp\/v2\/product"}],"about":[{"href":"https:\/\/mustveepuukool.ee\/et\/wp-json\/wp\/v2\/types\/product"}],"version-history":[{"count":2,"href":"https:\/\/mustveepuukool.ee\/et\/wp-json\/wp\/v2\/product\/4730\/revisions"}],"predecessor-version":[{"id":4734,"href":"https:\/\/mustveepuukool.ee\/et\/wp-json\/wp\/v2\/product\/4730\/revisions\/4734"}],"wp:featuredmedia":[{"embeddable":true,"href":"https:\/\/mustveepuukool.ee\/et\/wp-json\/wp\/v2\/media\/4731"}],"wp:attachment":[{"href":"https:\/\/mustveepuukool.ee\/et\/wp-json\/wp\/v2\/media?parent=4730"}],"wp:term":[{"taxonomy":"product_brand","embeddable":true,"href":"https:\/\/mustveepuukool.ee\/et\/wp-json\/wp\/v2\/product_brand?post=4730"},{"taxonomy":"product_cat","embeddable":true,"href":"https:\/\/mustveepuukool.ee\/et\/wp-json\/wp\/v2\/product_cat?post=4730"},{"taxonomy":"product_tag","embeddable":true,"href":"https:\/\/mustveepuukool.ee\/et\/wp-json\/wp\/v2\/product_tag?post=4730"}],"curies":[{"name":"wp","href":"https:\/\/api.w.org\/{rel}","templated":true}]}}