{"id":4802,"date":"2024-12-17T13:35:14","date_gmt":"2024-12-17T13:35:14","guid":{"rendered":"https:\/\/mustveepuukool.ee\/?post_type=product&#038;p=4802"},"modified":"2026-01-19T16:47:16","modified_gmt":"2026-01-19T16:47:16","slug":"spiraea-japonica-anthony-waterer","status":"publish","type":"product","link":"https:\/\/mustveepuukool.ee\/et\/shop\/taimed\/ilupoosad\/enelad\/spiraea-japonica-anthony-waterer\/","title":{"rendered":"Spiraea japonica  &#8216;Anthony Waterer&#8217;"},"content":{"rendered":"<p>\u00d5ied on erkroosad, lillakasvioletsete toonidega. \nVariegatne: p\u00f5\u00f5sas on mitu lehte, millel on valged triibud v\u00f5i kreemika v\u00e4rvusega t\u00e4pid.S\u00fcgisv\u00e4rvus oran\u017eikas-punastes toonides burgundsete pritsmetega. V\u00e4hen\u00f5udlik.<\/p>","protected":false},"excerpt":{"rendered":"<p>Jaapani enelas<br \/>\u2191 60-80 cm <br \/>\u2194 60-80 cm <br \/>\u25d1\u3007 <br \/>\ua564 juuni-juuli <br \/>&#8212; 29\u00b0C (5 tsoon)<\/p>","protected":false},"featured_media":4803,"template":"","meta":[],"product_brand":[],"product_cat":[83],"product_tag":[],"class_list":{"0":"post-4802","1":"product","2":"type-product","3":"status-publish","4":"has-post-thumbnail","6":"product_cat-enelad","7":"pa_suurus-9cm-pott","9":"first","10":"outofstock","11":"shipping-taxable","12":"purchasable","13":"product-type-variable","14":"has-default-attributes"},"jetpack_sharing_enabled":true,"_links":{"self":[{"href":"https:\/\/mustveepuukool.ee\/et\/wp-json\/wp\/v2\/product\/4802","targetHints":{"allow":["GET"]}}],"collection":[{"href":"https:\/\/mustveepuukool.ee\/et\/wp-json\/wp\/v2\/product"}],"about":[{"href":"https:\/\/mustveepuukool.ee\/et\/wp-json\/wp\/v2\/types\/product"}],"version-history":[{"count":2,"href":"https:\/\/mustveepuukool.ee\/et\/wp-json\/wp\/v2\/product\/4802\/revisions"}],"predecessor-version":[{"id":4806,"href":"https:\/\/mustveepuukool.ee\/et\/wp-json\/wp\/v2\/product\/4802\/revisions\/4806"}],"wp:featuredmedia":[{"embeddable":true,"href":"https:\/\/mustveepuukool.ee\/et\/wp-json\/wp\/v2\/media\/4803"}],"wp:attachment":[{"href":"https:\/\/mustveepuukool.ee\/et\/wp-json\/wp\/v2\/media?parent=4802"}],"wp:term":[{"taxonomy":"product_brand","embeddable":true,"href":"https:\/\/mustveepuukool.ee\/et\/wp-json\/wp\/v2\/product_brand?post=4802"},{"taxonomy":"product_cat","embeddable":true,"href":"https:\/\/mustveepuukool.ee\/et\/wp-json\/wp\/v2\/product_cat?post=4802"},{"taxonomy":"product_tag","embeddable":true,"href":"https:\/\/mustveepuukool.ee\/et\/wp-json\/wp\/v2\/product_tag?post=4802"}],"curies":[{"name":"wp","href":"https:\/\/api.w.org\/{rel}","templated":true}]}}