{"id":4812,"date":"2024-12-17T15:11:27","date_gmt":"2024-12-17T15:11:27","guid":{"rendered":"https:\/\/mustveepuukool.ee\/?post_type=product&#038;p=4812"},"modified":"2026-01-19T16:47:16","modified_gmt":"2026-01-19T16:47:16","slug":"spiraea-betulifolia-island","status":"publish","type":"product","link":"https:\/\/mustveepuukool.ee\/et\/shop\/taimed\/ilupoosad\/enelad\/spiraea-betulifolia-island\/","title":{"rendered":"Spiraea betulifolia &#8216;Island&#8217;"},"content":{"rendered":"<p>Suvel on lehed erkrohelised, s\u00fcgisel kollakasoran\u017eid, happelisel kehval pinnasel v\u00e4rvuvad karmiinpunaseks. \u00d5ied valged. V\u00e4hen\u00f5udlik.<\/p>","protected":false},"excerpt":{"rendered":"<p>Kaselehine enelas<br \/>\u2191 100 cm <br \/>\u2194 100 cm <br \/>\u25d1\u3007 <br \/>\ua564 mai-juuni <br \/>&#8212; 29\u00b0C (5 tsoon)<\/p>","protected":false},"featured_media":4813,"template":"","meta":[],"product_brand":[],"product_cat":[83],"product_tag":[],"class_list":{"0":"post-4812","1":"product","2":"type-product","3":"status-publish","4":"has-post-thumbnail","6":"product_cat-enelad","7":"pa_suurus-15l-pott","9":"first","10":"outofstock","11":"shipping-taxable","12":"purchasable","13":"product-type-variable","14":"has-default-attributes"},"jetpack_sharing_enabled":true,"_links":{"self":[{"href":"https:\/\/mustveepuukool.ee\/et\/wp-json\/wp\/v2\/product\/4812","targetHints":{"allow":["GET"]}}],"collection":[{"href":"https:\/\/mustveepuukool.ee\/et\/wp-json\/wp\/v2\/product"}],"about":[{"href":"https:\/\/mustveepuukool.ee\/et\/wp-json\/wp\/v2\/types\/product"}],"version-history":[{"count":2,"href":"https:\/\/mustveepuukool.ee\/et\/wp-json\/wp\/v2\/product\/4812\/revisions"}],"predecessor-version":[{"id":4816,"href":"https:\/\/mustveepuukool.ee\/et\/wp-json\/wp\/v2\/product\/4812\/revisions\/4816"}],"wp:featuredmedia":[{"embeddable":true,"href":"https:\/\/mustveepuukool.ee\/et\/wp-json\/wp\/v2\/media\/4813"}],"wp:attachment":[{"href":"https:\/\/mustveepuukool.ee\/et\/wp-json\/wp\/v2\/media?parent=4812"}],"wp:term":[{"taxonomy":"product_brand","embeddable":true,"href":"https:\/\/mustveepuukool.ee\/et\/wp-json\/wp\/v2\/product_brand?post=4812"},{"taxonomy":"product_cat","embeddable":true,"href":"https:\/\/mustveepuukool.ee\/et\/wp-json\/wp\/v2\/product_cat?post=4812"},{"taxonomy":"product_tag","embeddable":true,"href":"https:\/\/mustveepuukool.ee\/et\/wp-json\/wp\/v2\/product_tag?post=4812"}],"curies":[{"name":"wp","href":"https:\/\/api.w.org\/{rel}","templated":true}]}}