{"id":4837,"date":"2024-12-18T08:37:40","date_gmt":"2024-12-18T08:37:40","guid":{"rendered":"https:\/\/mustveepuukool.ee\/?post_type=product&#038;p=4837"},"modified":"2026-04-06T12:38:27","modified_gmt":"2026-04-06T12:38:27","slug":"syringa-vulgaris-krasavitsa-moskvy","status":"publish","type":"product","link":"https:\/\/mustveepuukool.ee\/et\/shop\/taimed\/ilupoosad\/sirel\/syringa-vulgaris-krasavitsa-moskvy\/","title":{"rendered":"Syringa vulgaris &#8216;Beauty of Moscow&#8217;"},"content":{"rendered":"<p>T\u00e4idis\u00f5ieline. Pungad on suured, kerajad, roosakaslillad, \u00f5ied \nroosakas-valge p\u00e4rlmuttertooniga, hiljem p\u00e4rl-valge, meenutab v\u00e4ikesed roosid. V\u00e4hen\u00f5udlik.<\/p>","protected":false},"excerpt":{"rendered":"<p>Harilik sirel<br \/>\u2191 2-3 m <br \/>\u2194 2-3 m <br \/>\u25d1\u3007 <br \/>\ua564 juuni <br \/>&#8212; 29\u00b0C (5 tsoon)<\/p>","protected":false},"featured_media":4838,"template":"","meta":[],"product_brand":[],"product_cat":[84],"product_tag":[],"class_list":{"0":"post-4837","1":"product","2":"type-product","3":"status-publish","4":"has-post-thumbnail","6":"product_cat-sirel","7":"pa_suurus-1m","9":"first","10":"outofstock","11":"shipping-taxable","12":"purchasable","13":"product-type-variable","14":"has-default-attributes"},"jetpack_sharing_enabled":true,"_links":{"self":[{"href":"https:\/\/mustveepuukool.ee\/et\/wp-json\/wp\/v2\/product\/4837","targetHints":{"allow":["GET"]}}],"collection":[{"href":"https:\/\/mustveepuukool.ee\/et\/wp-json\/wp\/v2\/product"}],"about":[{"href":"https:\/\/mustveepuukool.ee\/et\/wp-json\/wp\/v2\/types\/product"}],"version-history":[{"count":3,"href":"https:\/\/mustveepuukool.ee\/et\/wp-json\/wp\/v2\/product\/4837\/revisions"}],"predecessor-version":[{"id":16288,"href":"https:\/\/mustveepuukool.ee\/et\/wp-json\/wp\/v2\/product\/4837\/revisions\/16288"}],"wp:featuredmedia":[{"embeddable":true,"href":"https:\/\/mustveepuukool.ee\/et\/wp-json\/wp\/v2\/media\/4838"}],"wp:attachment":[{"href":"https:\/\/mustveepuukool.ee\/et\/wp-json\/wp\/v2\/media?parent=4837"}],"wp:term":[{"taxonomy":"product_brand","embeddable":true,"href":"https:\/\/mustveepuukool.ee\/et\/wp-json\/wp\/v2\/product_brand?post=4837"},{"taxonomy":"product_cat","embeddable":true,"href":"https:\/\/mustveepuukool.ee\/et\/wp-json\/wp\/v2\/product_cat?post=4837"},{"taxonomy":"product_tag","embeddable":true,"href":"https:\/\/mustveepuukool.ee\/et\/wp-json\/wp\/v2\/product_tag?post=4837"}],"curies":[{"name":"wp","href":"https:\/\/api.w.org\/{rel}","templated":true}]}}