{"id":4852,"date":"2024-12-18T11:08:35","date_gmt":"2024-12-18T11:08:35","guid":{"rendered":"https:\/\/mustveepuukool.ee\/?post_type=product&#038;p=4852"},"modified":"2026-04-24T11:59:59","modified_gmt":"2026-04-24T11:59:59","slug":"syringa-meyeri-palibin","status":"publish","type":"product","link":"https:\/\/mustveepuukool.ee\/et\/shop\/taimed\/ilupoosad\/sirel\/syringa-meyeri-palibin\/","title":{"rendered":"Syringa meyeri &#8216;Palibin&#8217; \u043d\u0430 \u0448\u0442\u0430\u043c\u0431\u0435"},"content":{"rendered":"<p>Taas\u00f5itsetaja. Pungad tume-violetsed. Liht\u00f5ied hele-lillakas tugeva l\u00f5hnaga. V\u00e4hen\u00f5udlik.<\/p>","protected":false},"excerpt":{"rendered":"<p>Meyeri sirel<br \/>\u25d1\u3007 <br \/>\ua564 \u0438\u044e\u043d\u044c \u0438 \u0430\u0432\u0433\u0443\u0441\u0442 <br \/>&#8212; 29\u00b0C (5 tsoon)<\/p>","protected":false},"featured_media":17059,"template":"","meta":[],"product_brand":[],"product_cat":[84],"product_tag":[],"class_list":{"0":"post-4852","1":"product","2":"type-product","3":"status-publish","4":"has-post-thumbnail","6":"product_cat-sirel","7":"pa_suurus-12-14-m","8":"pa_suurus-14-175-m","10":"first","11":"instock","12":"shipping-taxable","13":"purchasable","14":"product-type-variable","15":"has-default-attributes"},"jetpack_sharing_enabled":true,"_links":{"self":[{"href":"https:\/\/mustveepuukool.ee\/et\/wp-json\/wp\/v2\/product\/4852","targetHints":{"allow":["GET"]}}],"collection":[{"href":"https:\/\/mustveepuukool.ee\/et\/wp-json\/wp\/v2\/product"}],"about":[{"href":"https:\/\/mustveepuukool.ee\/et\/wp-json\/wp\/v2\/types\/product"}],"version-history":[{"count":3,"href":"https:\/\/mustveepuukool.ee\/et\/wp-json\/wp\/v2\/product\/4852\/revisions"}],"predecessor-version":[{"id":17058,"href":"https:\/\/mustveepuukool.ee\/et\/wp-json\/wp\/v2\/product\/4852\/revisions\/17058"}],"wp:featuredmedia":[{"embeddable":true,"href":"https:\/\/mustveepuukool.ee\/et\/wp-json\/wp\/v2\/media\/17059"}],"wp:attachment":[{"href":"https:\/\/mustveepuukool.ee\/et\/wp-json\/wp\/v2\/media?parent=4852"}],"wp:term":[{"taxonomy":"product_brand","embeddable":true,"href":"https:\/\/mustveepuukool.ee\/et\/wp-json\/wp\/v2\/product_brand?post=4852"},{"taxonomy":"product_cat","embeddable":true,"href":"https:\/\/mustveepuukool.ee\/et\/wp-json\/wp\/v2\/product_cat?post=4852"},{"taxonomy":"product_tag","embeddable":true,"href":"https:\/\/mustveepuukool.ee\/et\/wp-json\/wp\/v2\/product_tag?post=4852"}],"curies":[{"name":"wp","href":"https:\/\/api.w.org\/{rel}","templated":true}]}}