{"id":4865,"date":"2024-12-18T11:54:41","date_gmt":"2024-12-18T11:54:41","guid":{"rendered":"https:\/\/mustveepuukool.ee\/?post_type=product&#038;p=4865"},"modified":"2026-04-10T15:51:05","modified_gmt":"2026-04-10T15:51:05","slug":"forsythia-intermedia-lynwood","status":"publish","type":"product","link":"https:\/\/mustveepuukool.ee\/et\/shop\/taimed\/ilupoosad\/muud-ilupoosad\/forsythia-intermedia-lynwood\/","title":{"rendered":"V\u00e4rdfors\u00fc\u00fctia"},"content":{"rendered":"<p>\u00d5itsemine enne lehtede ilmumist, \u00f5ied kuldse-kollased. V\u00e4hen\u00f5udlik.<\/p>","protected":false},"excerpt":{"rendered":"<p>\u0424\u043e\u0440\u0437\u0438\u0446\u0438\u044f \u043f\u0440\u043e\u043c\u0435\u0436\u0443\u0442\u043e\u0447\u043d\u0430\u044f &#8216;\u041b\u0438\u043d\u0432\u0443\u0434&#8217;<br \/>\u2191 2-3 m <br \/>\u2194 2-2,5 m <br \/>\u25d1\u3007 <br \/>\ua564 m\u00e4rts-aprill <br \/>&#8212; 29\u00b0C (5 tsoon)<\/p>","protected":false},"featured_media":4866,"template":"","meta":[],"product_brand":[],"product_cat":[127],"product_tag":[],"class_list":{"0":"post-4865","1":"product","2":"type-product","3":"status-publish","4":"has-post-thumbnail","6":"product_cat-muud-ilupoosad","7":"pa_suurus-13cm-pott","9":"first","10":"instock","11":"shipping-taxable","12":"purchasable","13":"product-type-variable","14":"has-default-attributes"},"jetpack_sharing_enabled":true,"_links":{"self":[{"href":"https:\/\/mustveepuukool.ee\/et\/wp-json\/wp\/v2\/product\/4865","targetHints":{"allow":["GET"]}}],"collection":[{"href":"https:\/\/mustveepuukool.ee\/et\/wp-json\/wp\/v2\/product"}],"about":[{"href":"https:\/\/mustveepuukool.ee\/et\/wp-json\/wp\/v2\/types\/product"}],"version-history":[{"count":2,"href":"https:\/\/mustveepuukool.ee\/et\/wp-json\/wp\/v2\/product\/4865\/revisions"}],"predecessor-version":[{"id":4869,"href":"https:\/\/mustveepuukool.ee\/et\/wp-json\/wp\/v2\/product\/4865\/revisions\/4869"}],"wp:featuredmedia":[{"embeddable":true,"href":"https:\/\/mustveepuukool.ee\/et\/wp-json\/wp\/v2\/media\/4866"}],"wp:attachment":[{"href":"https:\/\/mustveepuukool.ee\/et\/wp-json\/wp\/v2\/media?parent=4865"}],"wp:term":[{"taxonomy":"product_brand","embeddable":true,"href":"https:\/\/mustveepuukool.ee\/et\/wp-json\/wp\/v2\/product_brand?post=4865"},{"taxonomy":"product_cat","embeddable":true,"href":"https:\/\/mustveepuukool.ee\/et\/wp-json\/wp\/v2\/product_cat?post=4865"},{"taxonomy":"product_tag","embeddable":true,"href":"https:\/\/mustveepuukool.ee\/et\/wp-json\/wp\/v2\/product_tag?post=4865"}],"curies":[{"name":"wp","href":"https:\/\/api.w.org\/{rel}","templated":true}]}}