{"id":4887,"date":"2024-12-18T12:30:02","date_gmt":"2024-12-18T12:30:02","guid":{"rendered":"https:\/\/mustveepuukool.ee\/?post_type=product&#038;p=4887"},"modified":"2026-01-19T16:47:16","modified_gmt":"2026-01-19T16:47:16","slug":"euonymus-europaeus","status":"publish","type":"product","link":"https:\/\/mustveepuukool.ee\/et\/shop\/taimed\/ilupoosad\/kikkapuu\/euonymus-europaeus\/","title":{"rendered":"Euonymus europaeus"},"content":{"rendered":"<p>\u00d5ied on v\u00e4ikesed, rohekasvalged. S\u00fcgisel on lehestik punane, lilla ja kuumroosa. Punase-oran\u017ei v\u00e4rvi viljad-karpid kaunistavad p\u00f5\u00f5sast k\u00fclmadeni.<\/p>","protected":false},"excerpt":{"rendered":"<p>Harilik kikkapuu<br \/>\u2191 5 m <br \/>\u2194 3 m <br \/>\u25d1\u3007 <br \/>\ua564 m\u00e4rts-aprill <br \/>&#8212; 29\u00b0C (5 tsoon)<\/p>","protected":false},"featured_media":4888,"template":"","meta":[],"product_brand":[],"product_cat":[211],"product_tag":[],"class_list":{"0":"post-4887","1":"product","2":"type-product","3":"status-publish","4":"has-post-thumbnail","6":"product_cat-kikkapuu","7":"pa_suurus-2l-pott","9":"first","10":"outofstock","11":"shipping-taxable","12":"purchasable","13":"product-type-variable","14":"has-default-attributes"},"jetpack_sharing_enabled":true,"_links":{"self":[{"href":"https:\/\/mustveepuukool.ee\/et\/wp-json\/wp\/v2\/product\/4887","targetHints":{"allow":["GET"]}}],"collection":[{"href":"https:\/\/mustveepuukool.ee\/et\/wp-json\/wp\/v2\/product"}],"about":[{"href":"https:\/\/mustveepuukool.ee\/et\/wp-json\/wp\/v2\/types\/product"}],"version-history":[{"count":2,"href":"https:\/\/mustveepuukool.ee\/et\/wp-json\/wp\/v2\/product\/4887\/revisions"}],"predecessor-version":[{"id":4891,"href":"https:\/\/mustveepuukool.ee\/et\/wp-json\/wp\/v2\/product\/4887\/revisions\/4891"}],"wp:featuredmedia":[{"embeddable":true,"href":"https:\/\/mustveepuukool.ee\/et\/wp-json\/wp\/v2\/media\/4888"}],"wp:attachment":[{"href":"https:\/\/mustveepuukool.ee\/et\/wp-json\/wp\/v2\/media?parent=4887"}],"wp:term":[{"taxonomy":"product_brand","embeddable":true,"href":"https:\/\/mustveepuukool.ee\/et\/wp-json\/wp\/v2\/product_brand?post=4887"},{"taxonomy":"product_cat","embeddable":true,"href":"https:\/\/mustveepuukool.ee\/et\/wp-json\/wp\/v2\/product_cat?post=4887"},{"taxonomy":"product_tag","embeddable":true,"href":"https:\/\/mustveepuukool.ee\/et\/wp-json\/wp\/v2\/product_tag?post=4887"}],"curies":[{"name":"wp","href":"https:\/\/api.w.org\/{rel}","templated":true}]}}