{"id":4938,"date":"2024-12-18T17:14:19","date_gmt":"2024-12-18T17:14:19","guid":{"rendered":"https:\/\/mustveepuukool.ee\/?post_type=product&#038;p=4938"},"modified":"2026-01-21T14:49:25","modified_gmt":"2026-01-21T14:49:25","slug":"achillea-millefolium-laura","status":"publish","type":"product","link":"https:\/\/mustveepuukool.ee\/et\/shop\/taimed\/pusikud\/raudrohud\/achillea-millefolium-laura\/","title":{"rendered":"Achillea millefolium &#8216;Laura &#8216;"},"content":{"rendered":"<p>\u00d5ied rubiinpunased. Eelistab p\u00e4ikesekoht. V\u00e4hen\u00f5udlik.<\/p>","protected":false},"excerpt":{"rendered":"<p>Harilik raudrohi<br \/>\u2191 40 cm <br \/>\u25d1\u3007 <br \/>\ua564 juuli-september <br \/>&#8212; 29\u00b0C (5 tsoon)<\/p>","protected":false},"featured_media":4939,"template":"","meta":[],"product_brand":[],"product_cat":[110],"product_tag":[],"class_list":{"0":"post-4938","1":"product","2":"type-product","3":"status-publish","4":"has-post-thumbnail","6":"product_cat-raudrohud","7":"pa_suurus-9cm-pott","9":"first","10":"outofstock","11":"shipping-taxable","12":"purchasable","13":"product-type-variable","14":"has-default-attributes"},"jetpack_sharing_enabled":true,"_links":{"self":[{"href":"https:\/\/mustveepuukool.ee\/et\/wp-json\/wp\/v2\/product\/4938","targetHints":{"allow":["GET"]}}],"collection":[{"href":"https:\/\/mustveepuukool.ee\/et\/wp-json\/wp\/v2\/product"}],"about":[{"href":"https:\/\/mustveepuukool.ee\/et\/wp-json\/wp\/v2\/types\/product"}],"version-history":[{"count":2,"href":"https:\/\/mustveepuukool.ee\/et\/wp-json\/wp\/v2\/product\/4938\/revisions"}],"predecessor-version":[{"id":4942,"href":"https:\/\/mustveepuukool.ee\/et\/wp-json\/wp\/v2\/product\/4938\/revisions\/4942"}],"wp:featuredmedia":[{"embeddable":true,"href":"https:\/\/mustveepuukool.ee\/et\/wp-json\/wp\/v2\/media\/4939"}],"wp:attachment":[{"href":"https:\/\/mustveepuukool.ee\/et\/wp-json\/wp\/v2\/media?parent=4938"}],"wp:term":[{"taxonomy":"product_brand","embeddable":true,"href":"https:\/\/mustveepuukool.ee\/et\/wp-json\/wp\/v2\/product_brand?post=4938"},{"taxonomy":"product_cat","embeddable":true,"href":"https:\/\/mustveepuukool.ee\/et\/wp-json\/wp\/v2\/product_cat?post=4938"},{"taxonomy":"product_tag","embeddable":true,"href":"https:\/\/mustveepuukool.ee\/et\/wp-json\/wp\/v2\/product_tag?post=4938"}],"curies":[{"name":"wp","href":"https:\/\/api.w.org\/{rel}","templated":true}]}}