{"id":4948,"date":"2024-12-18T17:22:22","date_gmt":"2024-12-18T17:22:22","guid":{"rendered":"https:\/\/mustveepuukool.ee\/?post_type=product&#038;p=4948"},"modified":"2026-01-19T16:43:14","modified_gmt":"2026-01-19T16:43:14","slug":"agastache-rugosa-rosie-posie","status":"publish","type":"product","link":"https:\/\/mustveepuukool.ee\/et\/shop\/taimed\/urdid\/agastache-rugosa-rosie-posie\/","title":{"rendered":"Agastache rugosa &#8216;Rosie Posie&#8217;"},"content":{"rendered":"<p>\u00d5ied roosa. Kasutatakse raviteena ja salatimaitseainena. \u00dcrt on tugeva l\u00f5hnaga meenutab piparm\u00fcnt, pune ja aniis. Lehed kasutatakse tee ja maitseaine valmistamiseks.<\/p>","protected":false},"excerpt":{"rendered":"<p>Kurd-hiiidiisop v\u00f5i Korean Mint<br \/>\u2191 90cm <br \/>\u2194 60 cm <br \/>\u25d1\u3007 <br \/>\ua564 juuli-september <br \/>&#8212; 29\u00b0C (5 tsoon)<\/p>","protected":false},"featured_media":4949,"template":"","meta":[],"product_brand":[],"product_cat":[29],"product_tag":[],"class_list":{"0":"post-4948","1":"product","2":"type-product","3":"status-publish","4":"has-post-thumbnail","6":"product_cat-urdid","8":"first","9":"outofstock","10":"shipping-taxable","11":"purchasable","12":"product-type-simple"},"jetpack_sharing_enabled":true,"_links":{"self":[{"href":"https:\/\/mustveepuukool.ee\/et\/wp-json\/wp\/v2\/product\/4948","targetHints":{"allow":["GET"]}}],"collection":[{"href":"https:\/\/mustveepuukool.ee\/et\/wp-json\/wp\/v2\/product"}],"about":[{"href":"https:\/\/mustveepuukool.ee\/et\/wp-json\/wp\/v2\/types\/product"}],"version-history":[{"count":2,"href":"https:\/\/mustveepuukool.ee\/et\/wp-json\/wp\/v2\/product\/4948\/revisions"}],"predecessor-version":[{"id":4952,"href":"https:\/\/mustveepuukool.ee\/et\/wp-json\/wp\/v2\/product\/4948\/revisions\/4952"}],"wp:featuredmedia":[{"embeddable":true,"href":"https:\/\/mustveepuukool.ee\/et\/wp-json\/wp\/v2\/media\/4949"}],"wp:attachment":[{"href":"https:\/\/mustveepuukool.ee\/et\/wp-json\/wp\/v2\/media?parent=4948"}],"wp:term":[{"taxonomy":"product_brand","embeddable":true,"href":"https:\/\/mustveepuukool.ee\/et\/wp-json\/wp\/v2\/product_brand?post=4948"},{"taxonomy":"product_cat","embeddable":true,"href":"https:\/\/mustveepuukool.ee\/et\/wp-json\/wp\/v2\/product_cat?post=4948"},{"taxonomy":"product_tag","embeddable":true,"href":"https:\/\/mustveepuukool.ee\/et\/wp-json\/wp\/v2\/product_tag?post=4948"}],"curies":[{"name":"wp","href":"https:\/\/api.w.org\/{rel}","templated":true}]}}