{"id":5000,"date":"2024-12-21T12:31:30","date_gmt":"2024-12-21T12:31:30","guid":{"rendered":"https:\/\/mustveepuukool.ee\/?post_type=product&#038;p=5000"},"modified":"2026-01-21T14:49:25","modified_gmt":"2026-01-21T14:49:25","slug":"allium-tuberosum","status":"publish","type":"product","link":"https:\/\/mustveepuukool.ee\/et\/shop\/taimed\/pusikud\/muud-pusikud\/allium-tuberosum\/","title":{"rendered":"Allium tuberosum"},"content":{"rendered":"<p>Maitseroheline ja lillepeenrasse. \u00d5ied valged. Maitsvad maguskirbed ja \u00f5isikud. V\u00e4hen\u00f5udlik.<\/p>","protected":false},"excerpt":{"rendered":"<p>\u041b\u0443\u043a \u043a\u043b\u0443\u0431\u043d\u0435\u0432\u043e\u0439, \u041a\u0438\u0442\u0430\u0439\u0441\u043a\u0438\u0439 \u0440\u0435\u0437\u0430\u043d\u0435\u0446, \u041a\u0438\u0442\u0430\u0439\u0441\u043a\u0438\u0439 \u0447\u0435\u0441\u043d\u043e\u043a, \u041b\u0443\u043a \u0434\u0443\u0448\u0438\u0441\u0442\u044b\u0439, \u041b\u0443\u043a \u043f\u0430\u0445\u0443\u0447\u0438\u0439, \u041b\u0443\u043a \u0442\u0443\u0431\u0435\u0440\u043e\u0437\u043d\u044b\u0439, \u0414\u0436\u0443\u0441\u0430\u0439<br \/>\u2191 30 cm <br \/>\u2194 30 cm <br \/>\u25d1\u3007 <br \/>\ua564 august-september <br \/>&#8212; 29\u00b0C (5 tsoon)<\/p>","protected":false},"featured_media":5001,"template":"","meta":[],"product_brand":[],"product_cat":[111],"product_tag":[],"class_list":{"0":"post-5000","1":"product","2":"type-product","3":"status-publish","4":"has-post-thumbnail","6":"product_cat-muud-pusikud","7":"pa_suurus-9cm-pott","9":"first","10":"outofstock","11":"purchasable","12":"product-type-variable","13":"has-default-attributes"},"jetpack_sharing_enabled":true,"_links":{"self":[{"href":"https:\/\/mustveepuukool.ee\/et\/wp-json\/wp\/v2\/product\/5000","targetHints":{"allow":["GET"]}}],"collection":[{"href":"https:\/\/mustveepuukool.ee\/et\/wp-json\/wp\/v2\/product"}],"about":[{"href":"https:\/\/mustveepuukool.ee\/et\/wp-json\/wp\/v2\/types\/product"}],"version-history":[{"count":3,"href":"https:\/\/mustveepuukool.ee\/et\/wp-json\/wp\/v2\/product\/5000\/revisions"}],"predecessor-version":[{"id":11241,"href":"https:\/\/mustveepuukool.ee\/et\/wp-json\/wp\/v2\/product\/5000\/revisions\/11241"}],"wp:featuredmedia":[{"embeddable":true,"href":"https:\/\/mustveepuukool.ee\/et\/wp-json\/wp\/v2\/media\/5001"}],"wp:attachment":[{"href":"https:\/\/mustveepuukool.ee\/et\/wp-json\/wp\/v2\/media?parent=5000"}],"wp:term":[{"taxonomy":"product_brand","embeddable":true,"href":"https:\/\/mustveepuukool.ee\/et\/wp-json\/wp\/v2\/product_brand?post=5000"},{"taxonomy":"product_cat","embeddable":true,"href":"https:\/\/mustveepuukool.ee\/et\/wp-json\/wp\/v2\/product_cat?post=5000"},{"taxonomy":"product_tag","embeddable":true,"href":"https:\/\/mustveepuukool.ee\/et\/wp-json\/wp\/v2\/product_tag?post=5000"}],"curies":[{"name":"wp","href":"https:\/\/api.w.org\/{rel}","templated":true}]}}