{"id":5025,"date":"2024-12-21T14:08:18","date_gmt":"2024-12-21T14:08:18","guid":{"rendered":"https:\/\/mustveepuukool.ee\/?post_type=product&#038;p=5025"},"modified":"2026-01-21T14:49:25","modified_gmt":"2026-01-21T14:49:25","slug":"antennaria-dioica-rotes-wunder","status":"publish","type":"product","link":"https:\/\/mustveepuukool.ee\/et\/shop\/taimed\/pusikud\/muud-pusikud\/antennaria-dioica-rotes-wunder\/","title":{"rendered":"Antennaria dioica &#8216;Rotes Wunder&#8217;"},"content":{"rendered":"<p>\u00d5ied tumeroosad. Pinnakatja, rohekashall lehestik. Dekoratiivne l\u00e4bi hooaja. V\u00e4hen\u00f5udlik.<\/p>","protected":false},"excerpt":{"rendered":"<p>Harilik kassik\u00e4pp<br \/>\u2191 15 cm <br \/>\u25d1\u3007 <br \/>\ua564 mai-juuni <br \/>&#8212; 29\u00b0C (5 tsoon)<\/p>","protected":false},"featured_media":5026,"template":"","meta":[],"product_brand":[],"product_cat":[111],"product_tag":[],"class_list":{"0":"post-5025","1":"product","2":"type-product","3":"status-publish","4":"has-post-thumbnail","6":"product_cat-muud-pusikud","7":"pa_suurus-9cm-pott","9":"first","10":"outofstock","11":"shipping-taxable","12":"purchasable","13":"product-type-variable","14":"has-default-attributes"},"jetpack_sharing_enabled":true,"_links":{"self":[{"href":"https:\/\/mustveepuukool.ee\/et\/wp-json\/wp\/v2\/product\/5025","targetHints":{"allow":["GET"]}}],"collection":[{"href":"https:\/\/mustveepuukool.ee\/et\/wp-json\/wp\/v2\/product"}],"about":[{"href":"https:\/\/mustveepuukool.ee\/et\/wp-json\/wp\/v2\/types\/product"}],"version-history":[{"count":2,"href":"https:\/\/mustveepuukool.ee\/et\/wp-json\/wp\/v2\/product\/5025\/revisions"}],"predecessor-version":[{"id":5029,"href":"https:\/\/mustveepuukool.ee\/et\/wp-json\/wp\/v2\/product\/5025\/revisions\/5029"}],"wp:featuredmedia":[{"embeddable":true,"href":"https:\/\/mustveepuukool.ee\/et\/wp-json\/wp\/v2\/media\/5026"}],"wp:attachment":[{"href":"https:\/\/mustveepuukool.ee\/et\/wp-json\/wp\/v2\/media?parent=5025"}],"wp:term":[{"taxonomy":"product_brand","embeddable":true,"href":"https:\/\/mustveepuukool.ee\/et\/wp-json\/wp\/v2\/product_brand?post=5025"},{"taxonomy":"product_cat","embeddable":true,"href":"https:\/\/mustveepuukool.ee\/et\/wp-json\/wp\/v2\/product_cat?post=5025"},{"taxonomy":"product_tag","embeddable":true,"href":"https:\/\/mustveepuukool.ee\/et\/wp-json\/wp\/v2\/product_tag?post=5025"}],"curies":[{"name":"wp","href":"https:\/\/api.w.org\/{rel}","templated":true}]}}