{"id":5093,"date":"2024-12-22T20:21:07","date_gmt":"2024-12-22T20:21:07","guid":{"rendered":"https:\/\/mustveepuukool.ee\/?post_type=product&#038;p=5093"},"modified":"2026-04-05T12:54:43","modified_gmt":"2026-04-05T12:54:43","slug":"aronia-arbutifolia-brilliant","status":"publish","type":"product","link":"https:\/\/mustveepuukool.ee\/et\/shop\/taimed\/viljapuud-ja-marjad\/aroonia\/aronia-arbutifolia-brilliant\/","title":{"rendered":"Aronia arbutifolia &#8216;Brilliant&#8217;"},"content":{"rendered":"<p>S\u00f6\u00f6davate viljadega ilutaim. \u00d5ied valged. Punased marjad, hiljem mustad. Kaunis s\u00fcgisv\u00e4rv. V\u00e4hen\u00f5udlik.<\/p>","protected":false},"excerpt":{"rendered":"<p>Punane aroonia<br \/>\u2191 1,5-2 m <br \/>\u2194 1,5 m <br \/>\u25d1\u3007 <br \/>\ua564 mai-juuni <br \/>&#8212; 29\u00b0C (5 tsoon)<\/p>","protected":false},"featured_media":5094,"template":"","meta":[],"product_brand":[],"product_cat":[91],"product_tag":[],"class_list":{"0":"post-5093","1":"product","2":"type-product","3":"status-publish","4":"has-post-thumbnail","6":"product_cat-aroonia","7":"pa_suurus-1m","9":"first","10":"instock","11":"shipping-taxable","12":"purchasable","13":"product-type-variable","14":"has-default-attributes"},"jetpack_sharing_enabled":true,"_links":{"self":[{"href":"https:\/\/mustveepuukool.ee\/et\/wp-json\/wp\/v2\/product\/5093","targetHints":{"allow":["GET"]}}],"collection":[{"href":"https:\/\/mustveepuukool.ee\/et\/wp-json\/wp\/v2\/product"}],"about":[{"href":"https:\/\/mustveepuukool.ee\/et\/wp-json\/wp\/v2\/types\/product"}],"version-history":[{"count":2,"href":"https:\/\/mustveepuukool.ee\/et\/wp-json\/wp\/v2\/product\/5093\/revisions"}],"predecessor-version":[{"id":5097,"href":"https:\/\/mustveepuukool.ee\/et\/wp-json\/wp\/v2\/product\/5093\/revisions\/5097"}],"wp:featuredmedia":[{"embeddable":true,"href":"https:\/\/mustveepuukool.ee\/et\/wp-json\/wp\/v2\/media\/5094"}],"wp:attachment":[{"href":"https:\/\/mustveepuukool.ee\/et\/wp-json\/wp\/v2\/media?parent=5093"}],"wp:term":[{"taxonomy":"product_brand","embeddable":true,"href":"https:\/\/mustveepuukool.ee\/et\/wp-json\/wp\/v2\/product_brand?post=5093"},{"taxonomy":"product_cat","embeddable":true,"href":"https:\/\/mustveepuukool.ee\/et\/wp-json\/wp\/v2\/product_cat?post=5093"},{"taxonomy":"product_tag","embeddable":true,"href":"https:\/\/mustveepuukool.ee\/et\/wp-json\/wp\/v2\/product_tag?post=5093"}],"curies":[{"name":"wp","href":"https:\/\/api.w.org\/{rel}","templated":true}]}}