{"id":5139,"date":"2024-12-23T16:35:35","date_gmt":"2024-12-23T16:35:35","guid":{"rendered":"https:\/\/mustveepuukool.ee\/?post_type=product&#038;p=5139"},"modified":"2026-04-22T15:28:01","modified_gmt":"2026-04-22T15:28:01","slug":"aronia-melanocarpa","status":"publish","type":"product","link":"https:\/\/mustveepuukool.ee\/et\/shop\/taimed\/viljapuud-ja-marjad\/aroonia\/aronia-melanocarpa\/","title":{"rendered":"Aronia melanocarpa"},"content":{"rendered":"<p>S\u00f6\u00f6davate viljadega ilutaim. \u00d5ied valged. Marjad mustad. Kaunis s\u00fcgisv\u00e4rv. V\u00e4hen\u00f5udlik.<\/p>","protected":false},"excerpt":{"rendered":"<p>Tume aroonia<br \/>\u2191 1,5-2 m <br \/>\u2194 1,5-2 m <br \/>\u25d1\u3007 <br \/>\ua564 mai-juuni <br \/>&#8212; 29\u00b0C (5 tsoon)<\/p>","protected":false},"featured_media":5140,"template":"","meta":[],"product_brand":[],"product_cat":[91],"product_tag":[],"class_list":{"0":"post-5139","1":"product","2":"type-product","3":"status-publish","4":"has-post-thumbnail","6":"product_cat-aroonia","7":"pa_suurus-1m","8":"pa_suurus-30-50-cm","10":"first","11":"instock","12":"shipping-taxable","13":"purchasable","14":"product-type-variable","15":"has-default-attributes"},"jetpack_sharing_enabled":true,"_links":{"self":[{"href":"https:\/\/mustveepuukool.ee\/et\/wp-json\/wp\/v2\/product\/5139","targetHints":{"allow":["GET"]}}],"collection":[{"href":"https:\/\/mustveepuukool.ee\/et\/wp-json\/wp\/v2\/product"}],"about":[{"href":"https:\/\/mustveepuukool.ee\/et\/wp-json\/wp\/v2\/types\/product"}],"version-history":[{"count":1,"href":"https:\/\/mustveepuukool.ee\/et\/wp-json\/wp\/v2\/product\/5139\/revisions"}],"predecessor-version":[{"id":5143,"href":"https:\/\/mustveepuukool.ee\/et\/wp-json\/wp\/v2\/product\/5139\/revisions\/5143"}],"wp:featuredmedia":[{"embeddable":true,"href":"https:\/\/mustveepuukool.ee\/et\/wp-json\/wp\/v2\/media\/5140"}],"wp:attachment":[{"href":"https:\/\/mustveepuukool.ee\/et\/wp-json\/wp\/v2\/media?parent=5139"}],"wp:term":[{"taxonomy":"product_brand","embeddable":true,"href":"https:\/\/mustveepuukool.ee\/et\/wp-json\/wp\/v2\/product_brand?post=5139"},{"taxonomy":"product_cat","embeddable":true,"href":"https:\/\/mustveepuukool.ee\/et\/wp-json\/wp\/v2\/product_cat?post=5139"},{"taxonomy":"product_tag","embeddable":true,"href":"https:\/\/mustveepuukool.ee\/et\/wp-json\/wp\/v2\/product_tag?post=5139"}],"curies":[{"name":"wp","href":"https:\/\/api.w.org\/{rel}","templated":true}]}}