{"id":5183,"date":"2024-12-24T14:29:37","date_gmt":"2024-12-24T14:29:37","guid":{"rendered":"https:\/\/mustveepuukool.ee\/?post_type=product&#038;p=5183"},"modified":"2026-01-21T14:49:01","modified_gmt":"2026-01-21T14:49:01","slug":"artemisia-stelleriana-boughton-silver","status":"publish","type":"product","link":"https:\/\/mustveepuukool.ee\/et\/shop\/taimed\/pusikud\/muud-pusikud\/artemisia-stelleriana-boughton-silver\/","title":{"rendered":"Artemisia stelleriana &#8216;Boughton Silver&#8217;"},"content":{"rendered":"<p>Pinnakatja. \u00d5ied - v\u00e4ikesed kollakesed. Lehed on l\u00f5hnavad, h\u00f5bedased. Dekoratiivne l\u00e4bi hooaja. \nV\u00e4hen\u00f5udlik.<\/p>","protected":false},"excerpt":{"rendered":"<p>Stelleri puju<br \/>\u2191 20-30 \u0441m <br \/>\u2194 2,5-3 m <br \/>\u25d1\u3007 <br \/>\ua564 mai-juuni <br \/>&#8212; 29\u00b0C (5 tsoon)<\/p>","protected":false},"featured_media":5184,"template":"","meta":[],"product_brand":[],"product_cat":[111],"product_tag":[],"class_list":{"0":"post-5183","1":"product","2":"type-product","3":"status-publish","4":"has-post-thumbnail","6":"product_cat-muud-pusikud","7":"pa_suurus-9cm-pott","9":"first","10":"outofstock","11":"shipping-taxable","12":"purchasable","13":"product-type-variable","14":"has-default-attributes"},"jetpack_sharing_enabled":true,"_links":{"self":[{"href":"https:\/\/mustveepuukool.ee\/et\/wp-json\/wp\/v2\/product\/5183","targetHints":{"allow":["GET"]}}],"collection":[{"href":"https:\/\/mustveepuukool.ee\/et\/wp-json\/wp\/v2\/product"}],"about":[{"href":"https:\/\/mustveepuukool.ee\/et\/wp-json\/wp\/v2\/types\/product"}],"version-history":[{"count":3,"href":"https:\/\/mustveepuukool.ee\/et\/wp-json\/wp\/v2\/product\/5183\/revisions"}],"predecessor-version":[{"id":5188,"href":"https:\/\/mustveepuukool.ee\/et\/wp-json\/wp\/v2\/product\/5183\/revisions\/5188"}],"wp:featuredmedia":[{"embeddable":true,"href":"https:\/\/mustveepuukool.ee\/et\/wp-json\/wp\/v2\/media\/5184"}],"wp:attachment":[{"href":"https:\/\/mustveepuukool.ee\/et\/wp-json\/wp\/v2\/media?parent=5183"}],"wp:term":[{"taxonomy":"product_brand","embeddable":true,"href":"https:\/\/mustveepuukool.ee\/et\/wp-json\/wp\/v2\/product_brand?post=5183"},{"taxonomy":"product_cat","embeddable":true,"href":"https:\/\/mustveepuukool.ee\/et\/wp-json\/wp\/v2\/product_cat?post=5183"},{"taxonomy":"product_tag","embeddable":true,"href":"https:\/\/mustveepuukool.ee\/et\/wp-json\/wp\/v2\/product_tag?post=5183"}],"curies":[{"name":"wp","href":"https:\/\/api.w.org\/{rel}","templated":true}]}}