{"id":5204,"date":"2024-12-24T18:37:53","date_gmt":"2024-12-24T18:37:53","guid":{"rendered":"https:\/\/mustveepuukool.ee\/?post_type=product&#038;p=5204"},"modified":"2026-01-21T14:49:00","modified_gmt":"2026-01-21T14:49:00","slug":"aster-novae-angliae-purple-dome","status":"publish","type":"product","link":"https:\/\/mustveepuukool.ee\/et\/shop\/taimed\/pusikud\/astrid\/aster-novae-angliae-purple-dome\/","title":{"rendered":"Aster novae angliae &#8216;Purple Dome&#8217;"},"content":{"rendered":"<p>\u00d5ied lillakassinised kollaste s\u00fcdamikega \u00f5ied\nV\u00e4hen\u00f5udlik.<\/p>","protected":false},"excerpt":{"rendered":"<p>Kaunis aster<br \/>\u2191 60-70 \u0441m <br \/>\u2194 50-60 \u0441m <br \/>\u25d1\u3007 <br \/>\ua564 september-oktoober <br \/>&#8212; 29\u00b0C (5 tsoon)<\/p>","protected":false},"featured_media":5205,"template":"","meta":[],"product_brand":[],"product_cat":[109],"product_tag":[],"class_list":{"0":"post-5204","1":"product","2":"type-product","3":"status-publish","4":"has-post-thumbnail","6":"product_cat-astrid","8":"first","9":"outofstock","10":"shipping-taxable","11":"purchasable","12":"product-type-simple"},"jetpack_sharing_enabled":true,"_links":{"self":[{"href":"https:\/\/mustveepuukool.ee\/et\/wp-json\/wp\/v2\/product\/5204","targetHints":{"allow":["GET"]}}],"collection":[{"href":"https:\/\/mustveepuukool.ee\/et\/wp-json\/wp\/v2\/product"}],"about":[{"href":"https:\/\/mustveepuukool.ee\/et\/wp-json\/wp\/v2\/types\/product"}],"version-history":[{"count":2,"href":"https:\/\/mustveepuukool.ee\/et\/wp-json\/wp\/v2\/product\/5204\/revisions"}],"predecessor-version":[{"id":5209,"href":"https:\/\/mustveepuukool.ee\/et\/wp-json\/wp\/v2\/product\/5204\/revisions\/5209"}],"wp:featuredmedia":[{"embeddable":true,"href":"https:\/\/mustveepuukool.ee\/et\/wp-json\/wp\/v2\/media\/5205"}],"wp:attachment":[{"href":"https:\/\/mustveepuukool.ee\/et\/wp-json\/wp\/v2\/media?parent=5204"}],"wp:term":[{"taxonomy":"product_brand","embeddable":true,"href":"https:\/\/mustveepuukool.ee\/et\/wp-json\/wp\/v2\/product_brand?post=5204"},{"taxonomy":"product_cat","embeddable":true,"href":"https:\/\/mustveepuukool.ee\/et\/wp-json\/wp\/v2\/product_cat?post=5204"},{"taxonomy":"product_tag","embeddable":true,"href":"https:\/\/mustveepuukool.ee\/et\/wp-json\/wp\/v2\/product_tag?post=5204"}],"curies":[{"name":"wp","href":"https:\/\/api.w.org\/{rel}","templated":true}]}}