{"id":5221,"date":"2024-12-25T09:49:44","date_gmt":"2024-12-25T09:49:44","guid":{"rendered":"https:\/\/mustveepuukool.ee\/?post_type=product&#038;p=5221"},"modified":"2026-01-21T14:49:00","modified_gmt":"2026-01-21T14:49:00","slug":"astilbe-arendsii-erika","status":"publish","type":"product","link":"https:\/\/mustveepuukool.ee\/et\/shop\/taimed\/pusikud\/astilbed\/astilbe-arendsii-erika\/","title":{"rendered":"Astilbe Arendsii &#8216;Erika&#8217;"},"content":{"rendered":"<p>\u00d5isikud heleroosad. Tumedad lehed. \u00d5isikuvarsed tume-punased. V\u00e4hen\u00f5udlik.<\/p>","protected":false},"excerpt":{"rendered":"<p>Arendsi astilbe<br \/>\u2191 40-50 \u0441m \u00f5ied 80-90 cm <br \/>\u25d1\u3007 <br \/>\ua564 juuli-august <br \/>&#8212; 29\u00b0C (5 tsoon)<\/p>","protected":false},"featured_media":9155,"template":"","meta":[],"product_brand":[],"product_cat":[112],"product_tag":[],"class_list":{"0":"post-5221","1":"product","2":"type-product","3":"status-publish","4":"has-post-thumbnail","6":"product_cat-astilbed","7":"pa_suurus-9cm-pott","9":"first","10":"outofstock","11":"shipping-taxable","12":"purchasable","13":"product-type-variable","14":"has-default-attributes"},"jetpack_sharing_enabled":true,"_links":{"self":[{"href":"https:\/\/mustveepuukool.ee\/et\/wp-json\/wp\/v2\/product\/5221","targetHints":{"allow":["GET"]}}],"collection":[{"href":"https:\/\/mustveepuukool.ee\/et\/wp-json\/wp\/v2\/product"}],"about":[{"href":"https:\/\/mustveepuukool.ee\/et\/wp-json\/wp\/v2\/types\/product"}],"version-history":[{"count":2,"href":"https:\/\/mustveepuukool.ee\/et\/wp-json\/wp\/v2\/product\/5221\/revisions"}],"predecessor-version":[{"id":5225,"href":"https:\/\/mustveepuukool.ee\/et\/wp-json\/wp\/v2\/product\/5221\/revisions\/5225"}],"wp:featuredmedia":[{"embeddable":true,"href":"https:\/\/mustveepuukool.ee\/et\/wp-json\/wp\/v2\/media\/9155"}],"wp:attachment":[{"href":"https:\/\/mustveepuukool.ee\/et\/wp-json\/wp\/v2\/media?parent=5221"}],"wp:term":[{"taxonomy":"product_brand","embeddable":true,"href":"https:\/\/mustveepuukool.ee\/et\/wp-json\/wp\/v2\/product_brand?post=5221"},{"taxonomy":"product_cat","embeddable":true,"href":"https:\/\/mustveepuukool.ee\/et\/wp-json\/wp\/v2\/product_cat?post=5221"},{"taxonomy":"product_tag","embeddable":true,"href":"https:\/\/mustveepuukool.ee\/et\/wp-json\/wp\/v2\/product_tag?post=5221"}],"curies":[{"name":"wp","href":"https:\/\/api.w.org\/{rel}","templated":true}]}}