{"id":5236,"date":"2024-12-25T11:16:42","date_gmt":"2024-12-25T11:16:42","guid":{"rendered":"https:\/\/mustveepuukool.ee\/?post_type=product&#038;p=5236"},"modified":"2026-01-21T14:49:00","modified_gmt":"2026-01-21T14:49:00","slug":"astilbe-chinensis-purpurkerze","status":"publish","type":"product","link":"https:\/\/mustveepuukool.ee\/et\/shop\/taimed\/pusikud\/astilbed\/astilbe-chinensis-purpurkerze\/","title":{"rendered":"Astilbe chinensis  &#8216;Purpurkerze&#8217;"},"content":{"rendered":"<p>\u00dcks k\u00f5rgemaid ja hilise \u00f5itsemisega sort. \u00d5isikud violetse v\u00e4rvitooniga. Tumeroheline lehestik. V\u00e4hen\u00f5udlik.<\/p>","protected":false},"excerpt":{"rendered":"<p>Hiina astilbe<br \/>\u2191 50 \u0441m \u00f5ied 1-1,2 m <br \/>\u25d1\u3007 <br \/>\ua564 august-september <br \/>&#8212; 29\u00b0C (5 tsoon)<\/p>","protected":false},"featured_media":5237,"template":"","meta":[],"product_brand":[],"product_cat":[112],"product_tag":[],"class_list":{"0":"post-5236","1":"product","2":"type-product","3":"status-publish","4":"has-post-thumbnail","6":"product_cat-astilbed","7":"pa_suurus-9cm-pott","9":"first","10":"outofstock","11":"shipping-taxable","12":"purchasable","13":"product-type-variable","14":"has-default-attributes"},"jetpack_sharing_enabled":true,"_links":{"self":[{"href":"https:\/\/mustveepuukool.ee\/et\/wp-json\/wp\/v2\/product\/5236","targetHints":{"allow":["GET"]}}],"collection":[{"href":"https:\/\/mustveepuukool.ee\/et\/wp-json\/wp\/v2\/product"}],"about":[{"href":"https:\/\/mustveepuukool.ee\/et\/wp-json\/wp\/v2\/types\/product"}],"version-history":[{"count":2,"href":"https:\/\/mustveepuukool.ee\/et\/wp-json\/wp\/v2\/product\/5236\/revisions"}],"predecessor-version":[{"id":5240,"href":"https:\/\/mustveepuukool.ee\/et\/wp-json\/wp\/v2\/product\/5236\/revisions\/5240"}],"wp:featuredmedia":[{"embeddable":true,"href":"https:\/\/mustveepuukool.ee\/et\/wp-json\/wp\/v2\/media\/5237"}],"wp:attachment":[{"href":"https:\/\/mustveepuukool.ee\/et\/wp-json\/wp\/v2\/media?parent=5236"}],"wp:term":[{"taxonomy":"product_brand","embeddable":true,"href":"https:\/\/mustveepuukool.ee\/et\/wp-json\/wp\/v2\/product_brand?post=5236"},{"taxonomy":"product_cat","embeddable":true,"href":"https:\/\/mustveepuukool.ee\/et\/wp-json\/wp\/v2\/product_cat?post=5236"},{"taxonomy":"product_tag","embeddable":true,"href":"https:\/\/mustveepuukool.ee\/et\/wp-json\/wp\/v2\/product_tag?post=5236"}],"curies":[{"name":"wp","href":"https:\/\/api.w.org\/{rel}","templated":true}]}}