{"id":5260,"date":"2024-12-25T12:29:41","date_gmt":"2024-12-25T12:29:41","guid":{"rendered":"https:\/\/mustveepuukool.ee\/?post_type=product&#038;p=5260"},"modified":"2026-01-21T14:48:40","modified_gmt":"2026-01-21T14:48:40","slug":"astilbe-japonica-rheinland","status":"publish","type":"product","link":"https:\/\/mustveepuukool.ee\/et\/shop\/taimed\/pusikud\/astilbed\/astilbe-japonica-rheinland\/","title":{"rendered":"Astilbe japonica &#8216;Rheinland&#8217;"},"content":{"rendered":"<p>\u00d5isikud erkroosad. Tumeroheline lehestik. V\u00e4hen\u00f5udlik.<\/p>","protected":false},"excerpt":{"rendered":"<p>Jaapani astilbe<br \/>\u2191 30 \u0441m \u00f5ied 60 cm <br \/>\u25d1\u3007 <br \/>\ua564 juuni-juuli <br \/>&#8212; 29\u00b0C (5 tsoon)<\/p>","protected":false},"featured_media":9156,"template":"","meta":[],"product_brand":[],"product_cat":[112],"product_tag":[],"class_list":{"0":"post-5260","1":"product","2":"type-product","3":"status-publish","4":"has-post-thumbnail","6":"product_cat-astilbed","7":"pa_suurus-9cm-pott","9":"first","10":"outofstock","11":"shipping-taxable","12":"purchasable","13":"product-type-variable","14":"has-default-attributes"},"jetpack_sharing_enabled":true,"_links":{"self":[{"href":"https:\/\/mustveepuukool.ee\/et\/wp-json\/wp\/v2\/product\/5260","targetHints":{"allow":["GET"]}}],"collection":[{"href":"https:\/\/mustveepuukool.ee\/et\/wp-json\/wp\/v2\/product"}],"about":[{"href":"https:\/\/mustveepuukool.ee\/et\/wp-json\/wp\/v2\/types\/product"}],"version-history":[{"count":2,"href":"https:\/\/mustveepuukool.ee\/et\/wp-json\/wp\/v2\/product\/5260\/revisions"}],"predecessor-version":[{"id":5264,"href":"https:\/\/mustveepuukool.ee\/et\/wp-json\/wp\/v2\/product\/5260\/revisions\/5264"}],"wp:featuredmedia":[{"embeddable":true,"href":"https:\/\/mustveepuukool.ee\/et\/wp-json\/wp\/v2\/media\/9156"}],"wp:attachment":[{"href":"https:\/\/mustveepuukool.ee\/et\/wp-json\/wp\/v2\/media?parent=5260"}],"wp:term":[{"taxonomy":"product_brand","embeddable":true,"href":"https:\/\/mustveepuukool.ee\/et\/wp-json\/wp\/v2\/product_brand?post=5260"},{"taxonomy":"product_cat","embeddable":true,"href":"https:\/\/mustveepuukool.ee\/et\/wp-json\/wp\/v2\/product_cat?post=5260"},{"taxonomy":"product_tag","embeddable":true,"href":"https:\/\/mustveepuukool.ee\/et\/wp-json\/wp\/v2\/product_tag?post=5260"}],"curies":[{"name":"wp","href":"https:\/\/api.w.org\/{rel}","templated":true}]}}