{"id":5271,"date":"2024-12-28T09:29:13","date_gmt":"2024-12-28T09:29:13","guid":{"rendered":"https:\/\/mustveepuukool.ee\/?post_type=product&#038;p=5271"},"modified":"2026-01-21T14:48:40","modified_gmt":"2026-01-21T14:48:40","slug":"astrantia-major","status":"publish","type":"product","link":"https:\/\/mustveepuukool.ee\/et\/shop\/taimed\/pusikud\/muud-pusikud\/astrantia-major\/","title":{"rendered":"Astrantia major"},"content":{"rendered":"<p>\u00d5isikud heleroosad. \u00d5itseb pidevalt k\u00fclmadeni!  V\u00e4hen\u00f5udlik.\u00a0<strong>\u0426\u0432\u0435\u0442\u0435\u043d\u0438\u0435 \u043f\u043e\u0441\u0442\u043e\u044f\u043d\u043d\u043e\u0435 \u0434\u043e \u0437\u0430\u043c\u043e\u0440\u043e\u0437\u043a\u043e\u0432!<\/strong>\u00a0V\u00e4hen\u00f5udlik.<\/p>","protected":false},"excerpt":{"rendered":"<p>Astrantia major- suur t\u00e4htputk<br \/>\u2191 30 \u0441m \u00f5ied 50-60 cm <br \/>\u25d1\u3007 <br \/>\ua564 juuni-september <br \/>&#8212; 29\u00b0C (5 tsoon)<\/p>","protected":false},"featured_media":9146,"template":"","meta":[],"product_brand":[],"product_cat":[111],"product_tag":[],"class_list":{"0":"post-5271","1":"product","2":"type-product","3":"status-publish","4":"has-post-thumbnail","6":"product_cat-muud-pusikud","7":"pa_suurus-9cm-pott","9":"first","10":"outofstock","11":"shipping-taxable","12":"purchasable","13":"product-type-variable","14":"has-default-attributes"},"jetpack_sharing_enabled":true,"_links":{"self":[{"href":"https:\/\/mustveepuukool.ee\/et\/wp-json\/wp\/v2\/product\/5271","targetHints":{"allow":["GET"]}}],"collection":[{"href":"https:\/\/mustveepuukool.ee\/et\/wp-json\/wp\/v2\/product"}],"about":[{"href":"https:\/\/mustveepuukool.ee\/et\/wp-json\/wp\/v2\/types\/product"}],"version-history":[{"count":2,"href":"https:\/\/mustveepuukool.ee\/et\/wp-json\/wp\/v2\/product\/5271\/revisions"}],"predecessor-version":[{"id":5275,"href":"https:\/\/mustveepuukool.ee\/et\/wp-json\/wp\/v2\/product\/5271\/revisions\/5275"}],"wp:featuredmedia":[{"embeddable":true,"href":"https:\/\/mustveepuukool.ee\/et\/wp-json\/wp\/v2\/media\/9146"}],"wp:attachment":[{"href":"https:\/\/mustveepuukool.ee\/et\/wp-json\/wp\/v2\/media?parent=5271"}],"wp:term":[{"taxonomy":"product_brand","embeddable":true,"href":"https:\/\/mustveepuukool.ee\/et\/wp-json\/wp\/v2\/product_brand?post=5271"},{"taxonomy":"product_cat","embeddable":true,"href":"https:\/\/mustveepuukool.ee\/et\/wp-json\/wp\/v2\/product_cat?post=5271"},{"taxonomy":"product_tag","embeddable":true,"href":"https:\/\/mustveepuukool.ee\/et\/wp-json\/wp\/v2\/product_tag?post=5271"}],"curies":[{"name":"wp","href":"https:\/\/api.w.org\/{rel}","templated":true}]}}