{"id":5319,"date":"2024-12-28T23:03:46","date_gmt":"2024-12-28T23:03:46","guid":{"rendered":"https:\/\/mustveepuukool.ee\/?post_type=product&#038;p=5319"},"modified":"2026-04-16T16:58:53","modified_gmt":"2026-04-16T16:58:53","slug":"bergenia-cordifolia-bressingham-white","status":"publish","type":"product","link":"https:\/\/mustveepuukool.ee\/et\/shop\/taimed\/pusikud\/bergeeniad\/bergenia-cordifolia-bressingham-white\/","title":{"rendered":"Bergenia cordifolia &#8216;Bressingham White&#8217;"},"content":{"rendered":"<p>Igihaljas. \u00d5isikud valged. Lehed rohelised, l\u00e4ikivad, s\u00fcgisel punase-pruunikas. V\u00e4hen\u00f5udlik.<\/p>","protected":false},"excerpt":{"rendered":"<p>Bergeenia<br \/>\u2191 30 cm \u00f5ied 60cm <br \/>\u25cf\u25d1\u3007 <br \/>\ua564 aprill-mai <br \/>&#8212; 29\u00b0C (5 tsoon)<\/p>","protected":false},"featured_media":5320,"template":"","meta":[],"product_brand":[],"product_cat":[114],"product_tag":[],"class_list":{"0":"post-5319","1":"product","2":"type-product","3":"status-publish","4":"has-post-thumbnail","6":"product_cat-bergeeniad","7":"pa_suurus-12cm-pott","8":"pa_suurus-9cm-pott","10":"first","11":"instock","12":"shipping-taxable","13":"purchasable","14":"product-type-variable","15":"has-default-attributes"},"jetpack_sharing_enabled":true,"_links":{"self":[{"href":"https:\/\/mustveepuukool.ee\/et\/wp-json\/wp\/v2\/product\/5319","targetHints":{"allow":["GET"]}}],"collection":[{"href":"https:\/\/mustveepuukool.ee\/et\/wp-json\/wp\/v2\/product"}],"about":[{"href":"https:\/\/mustveepuukool.ee\/et\/wp-json\/wp\/v2\/types\/product"}],"version-history":[{"count":2,"href":"https:\/\/mustveepuukool.ee\/et\/wp-json\/wp\/v2\/product\/5319\/revisions"}],"predecessor-version":[{"id":5323,"href":"https:\/\/mustveepuukool.ee\/et\/wp-json\/wp\/v2\/product\/5319\/revisions\/5323"}],"wp:featuredmedia":[{"embeddable":true,"href":"https:\/\/mustveepuukool.ee\/et\/wp-json\/wp\/v2\/media\/5320"}],"wp:attachment":[{"href":"https:\/\/mustveepuukool.ee\/et\/wp-json\/wp\/v2\/media?parent=5319"}],"wp:term":[{"taxonomy":"product_brand","embeddable":true,"href":"https:\/\/mustveepuukool.ee\/et\/wp-json\/wp\/v2\/product_brand?post=5319"},{"taxonomy":"product_cat","embeddable":true,"href":"https:\/\/mustveepuukool.ee\/et\/wp-json\/wp\/v2\/product_cat?post=5319"},{"taxonomy":"product_tag","embeddable":true,"href":"https:\/\/mustveepuukool.ee\/et\/wp-json\/wp\/v2\/product_tag?post=5319"}],"curies":[{"name":"wp","href":"https:\/\/api.w.org\/{rel}","templated":true}]}}