{"id":5324,"date":"2024-12-28T23:08:11","date_gmt":"2024-12-28T23:08:11","guid":{"rendered":"https:\/\/mustveepuukool.ee\/?post_type=product&#038;p=5324"},"modified":"2026-04-16T17:02:12","modified_gmt":"2026-04-16T17:02:12","slug":"bergenia-cordifolia-dragonfly-sakura","status":"publish","type":"product","link":"https:\/\/mustveepuukool.ee\/et\/shop\/taimed\/pusikud\/bergeeniad\/bergenia-cordifolia-dragonfly-sakura\/","title":{"rendered":"Bergenia cordifolia &#8216;Dragonfly Sakura&#8217;"},"content":{"rendered":"<p>Igihaljas. \u00d5isikud roosad, meenutab ilukirsi\u00f5ied. Lehed rohelised,  l\u00e4ikivad, s\u00fcgisel punase-pruunikas. V\u00e4hen\u00f5udlik.<\/p>","protected":false},"excerpt":{"rendered":"<p>Bergeenia<br \/>\u2191 20 cm \u00f5ied 40cm <br \/>\u25cf\u25d1\u3007 <br \/>\ua564 aprill-mai <br \/>&#8212; 29\u00b0C (5 tsoon)<\/p>","protected":false},"featured_media":5329,"template":"","meta":[],"product_brand":[],"product_cat":[114],"product_tag":[],"class_list":{"0":"post-5324","1":"product","2":"type-product","3":"status-publish","4":"has-post-thumbnail","6":"product_cat-bergeeniad","7":"pa_suurus-12cm-pott","8":"pa_suurus-9cm-pott","10":"first","11":"instock","12":"shipping-taxable","13":"purchasable","14":"product-type-variable","15":"has-default-attributes"},"jetpack_sharing_enabled":true,"_links":{"self":[{"href":"https:\/\/mustveepuukool.ee\/et\/wp-json\/wp\/v2\/product\/5324","targetHints":{"allow":["GET"]}}],"collection":[{"href":"https:\/\/mustveepuukool.ee\/et\/wp-json\/wp\/v2\/product"}],"about":[{"href":"https:\/\/mustveepuukool.ee\/et\/wp-json\/wp\/v2\/types\/product"}],"version-history":[{"count":2,"href":"https:\/\/mustveepuukool.ee\/et\/wp-json\/wp\/v2\/product\/5324\/revisions"}],"predecessor-version":[{"id":5328,"href":"https:\/\/mustveepuukool.ee\/et\/wp-json\/wp\/v2\/product\/5324\/revisions\/5328"}],"wp:featuredmedia":[{"embeddable":true,"href":"https:\/\/mustveepuukool.ee\/et\/wp-json\/wp\/v2\/media\/5329"}],"wp:attachment":[{"href":"https:\/\/mustveepuukool.ee\/et\/wp-json\/wp\/v2\/media?parent=5324"}],"wp:term":[{"taxonomy":"product_brand","embeddable":true,"href":"https:\/\/mustveepuukool.ee\/et\/wp-json\/wp\/v2\/product_brand?post=5324"},{"taxonomy":"product_cat","embeddable":true,"href":"https:\/\/mustveepuukool.ee\/et\/wp-json\/wp\/v2\/product_cat?post=5324"},{"taxonomy":"product_tag","embeddable":true,"href":"https:\/\/mustveepuukool.ee\/et\/wp-json\/wp\/v2\/product_tag?post=5324"}],"curies":[{"name":"wp","href":"https:\/\/api.w.org\/{rel}","templated":true}]}}