{"id":5349,"date":"2024-12-29T16:08:09","date_gmt":"2024-12-29T16:08:09","guid":{"rendered":"https:\/\/mustveepuukool.ee\/?post_type=product&#038;p=5349"},"modified":"2026-01-21T14:48:40","modified_gmt":"2026-01-21T14:48:40","slug":"brunnera-macrophylla-dawson-s-white","status":"publish","type":"product","link":"https:\/\/mustveepuukool.ee\/et\/shop\/taimed\/pusikud\/brunnerad\/brunnera-macrophylla-dawson-s-white\/","title":{"rendered":"Brunnera macrophylla &#8216;Dawson-s White&#8217;"},"content":{"rendered":"<p>Pinnakatja. \u00d5isikud hele-sinised. Lehed suured, kirjud. Dekoratiivne l\u00e4bi hooaja! V\u00e4hen\u00f5udlik.\u00a0<strong>Dekoratiivne l\u00e4bi hooaja!\u00a0<\/strong>V\u00e4hen\u00f5udlik.<\/p>","protected":false},"excerpt":{"rendered":"<p>Suurelehine brunnera<br \/>\u2191 40 cm \u00f5ied 40cm <br \/>\u25cf\u25d1\u3007 <br \/>\ua564 mai-juuni <br \/>&#8212; 29\u00b0C (5 tsoon)<\/p>","protected":false},"featured_media":5350,"template":"","meta":[],"product_brand":[],"product_cat":[115],"product_tag":[],"class_list":{"0":"post-5349","1":"product","2":"type-product","3":"status-publish","4":"has-post-thumbnail","6":"product_cat-brunnerad","7":"pa_suurus-2l-pott","9":"first","10":"outofstock","11":"shipping-taxable","12":"purchasable","13":"product-type-variable","14":"has-default-attributes"},"jetpack_sharing_enabled":true,"_links":{"self":[{"href":"https:\/\/mustveepuukool.ee\/et\/wp-json\/wp\/v2\/product\/5349","targetHints":{"allow":["GET"]}}],"collection":[{"href":"https:\/\/mustveepuukool.ee\/et\/wp-json\/wp\/v2\/product"}],"about":[{"href":"https:\/\/mustveepuukool.ee\/et\/wp-json\/wp\/v2\/types\/product"}],"version-history":[{"count":2,"href":"https:\/\/mustveepuukool.ee\/et\/wp-json\/wp\/v2\/product\/5349\/revisions"}],"predecessor-version":[{"id":5353,"href":"https:\/\/mustveepuukool.ee\/et\/wp-json\/wp\/v2\/product\/5349\/revisions\/5353"}],"wp:featuredmedia":[{"embeddable":true,"href":"https:\/\/mustveepuukool.ee\/et\/wp-json\/wp\/v2\/media\/5350"}],"wp:attachment":[{"href":"https:\/\/mustveepuukool.ee\/et\/wp-json\/wp\/v2\/media?parent=5349"}],"wp:term":[{"taxonomy":"product_brand","embeddable":true,"href":"https:\/\/mustveepuukool.ee\/et\/wp-json\/wp\/v2\/product_brand?post=5349"},{"taxonomy":"product_cat","embeddable":true,"href":"https:\/\/mustveepuukool.ee\/et\/wp-json\/wp\/v2\/product_cat?post=5349"},{"taxonomy":"product_tag","embeddable":true,"href":"https:\/\/mustveepuukool.ee\/et\/wp-json\/wp\/v2\/product_tag?post=5349"}],"curies":[{"name":"wp","href":"https:\/\/api.w.org\/{rel}","templated":true}]}}