{"id":5360,"date":"2024-12-29T16:42:35","date_gmt":"2024-12-29T16:42:35","guid":{"rendered":"https:\/\/mustveepuukool.ee\/?post_type=product&#038;p=5360"},"modified":"2026-01-19T16:40:30","modified_gmt":"2026-01-19T16:40:30","slug":"calamagrostis-acutiflora-karl-foerster","status":"publish","type":"product","link":"https:\/\/mustveepuukool.ee\/et\/shop\/taimed\/korrelised\/kastikud\/calamagrostis-acutiflora-karl-foerster\/","title":{"rendered":"Calamagrostis acutiflora &#8216;Karl Foerster&#8217;"},"content":{"rendered":"<p>\u00c4rkab kevadel. Kompaktne puhmik. Mitte agressivne liik. Dekoratiivne l\u00e4bi hooaja ja kuni kevadeni. V\u00e4hen\u00f5udlik.<\/p>","protected":false},"excerpt":{"rendered":"<p>Terava\u00f5iene kastik<br \/>\u2191 90 cm \u00f5isikud 180cm <br \/>\u25d1\u3007 <br \/>\ua564 juuni-september <br \/>&#8212; 29\u00b0C (5 tsoon)<\/p>","protected":false},"featured_media":5361,"template":"","meta":[],"product_brand":[],"product_cat":[117],"product_tag":[],"class_list":{"0":"post-5360","1":"product","2":"type-product","3":"status-publish","4":"has-post-thumbnail","6":"product_cat-kastikud","7":"pa_suurus-9cm-pott","9":"first","10":"outofstock","11":"shipping-taxable","12":"purchasable","13":"product-type-variable","14":"has-default-attributes"},"jetpack_sharing_enabled":true,"_links":{"self":[{"href":"https:\/\/mustveepuukool.ee\/et\/wp-json\/wp\/v2\/product\/5360","targetHints":{"allow":["GET"]}}],"collection":[{"href":"https:\/\/mustveepuukool.ee\/et\/wp-json\/wp\/v2\/product"}],"about":[{"href":"https:\/\/mustveepuukool.ee\/et\/wp-json\/wp\/v2\/types\/product"}],"version-history":[{"count":2,"href":"https:\/\/mustveepuukool.ee\/et\/wp-json\/wp\/v2\/product\/5360\/revisions"}],"predecessor-version":[{"id":5364,"href":"https:\/\/mustveepuukool.ee\/et\/wp-json\/wp\/v2\/product\/5360\/revisions\/5364"}],"wp:featuredmedia":[{"embeddable":true,"href":"https:\/\/mustveepuukool.ee\/et\/wp-json\/wp\/v2\/media\/5361"}],"wp:attachment":[{"href":"https:\/\/mustveepuukool.ee\/et\/wp-json\/wp\/v2\/media?parent=5360"}],"wp:term":[{"taxonomy":"product_brand","embeddable":true,"href":"https:\/\/mustveepuukool.ee\/et\/wp-json\/wp\/v2\/product_brand?post=5360"},{"taxonomy":"product_cat","embeddable":true,"href":"https:\/\/mustveepuukool.ee\/et\/wp-json\/wp\/v2\/product_cat?post=5360"},{"taxonomy":"product_tag","embeddable":true,"href":"https:\/\/mustveepuukool.ee\/et\/wp-json\/wp\/v2\/product_tag?post=5360"}],"curies":[{"name":"wp","href":"https:\/\/api.w.org\/{rel}","templated":true}]}}