{"id":5370,"date":"2024-12-29T16:55:27","date_gmt":"2024-12-29T16:55:27","guid":{"rendered":"https:\/\/mustveepuukool.ee\/?post_type=product&#038;p=5370"},"modified":"2026-01-19T16:41:49","modified_gmt":"2026-01-19T16:41:49","slug":"calamagrostis-splendens-cheju-do","status":"publish","type":"product","link":"https:\/\/mustveepuukool.ee\/et\/shop\/taimed\/korrelised\/kastikud\/calamagrostis-splendens-cheju-do\/","title":{"rendered":"Calamagrostis splendens &#8216;Cheju-Do&#8217;"},"content":{"rendered":"<p>\u00c4rkab kevadel. Kompaktne puhmik. Mitte agressivne liik. Dekoratiivne l\u00e4bi hooaja ja kuni kevadeni. V\u00e4hen\u00f5udlik.<\/p>","protected":false},"excerpt":{"rendered":"<p>Kastik<br \/>\u2191 40 cm \u00f5iega 60cm <br \/>\u25d1\u3007 <br \/>\ua564 juunist <br \/>&#8212; 29\u00b0C (5 tsoon)<\/p>","protected":false},"featured_media":5371,"template":"","meta":[],"product_brand":[],"product_cat":[117],"product_tag":[],"class_list":{"0":"post-5370","1":"product","2":"type-product","3":"status-publish","4":"has-post-thumbnail","6":"product_cat-kastikud","7":"pa_suurus-9cm-pott","9":"first","10":"outofstock","11":"shipping-taxable","12":"purchasable","13":"product-type-variable","14":"has-default-attributes"},"jetpack_sharing_enabled":true,"_links":{"self":[{"href":"https:\/\/mustveepuukool.ee\/et\/wp-json\/wp\/v2\/product\/5370","targetHints":{"allow":["GET"]}}],"collection":[{"href":"https:\/\/mustveepuukool.ee\/et\/wp-json\/wp\/v2\/product"}],"about":[{"href":"https:\/\/mustveepuukool.ee\/et\/wp-json\/wp\/v2\/types\/product"}],"version-history":[{"count":2,"href":"https:\/\/mustveepuukool.ee\/et\/wp-json\/wp\/v2\/product\/5370\/revisions"}],"predecessor-version":[{"id":5374,"href":"https:\/\/mustveepuukool.ee\/et\/wp-json\/wp\/v2\/product\/5370\/revisions\/5374"}],"wp:featuredmedia":[{"embeddable":true,"href":"https:\/\/mustveepuukool.ee\/et\/wp-json\/wp\/v2\/media\/5371"}],"wp:attachment":[{"href":"https:\/\/mustveepuukool.ee\/et\/wp-json\/wp\/v2\/media?parent=5370"}],"wp:term":[{"taxonomy":"product_brand","embeddable":true,"href":"https:\/\/mustveepuukool.ee\/et\/wp-json\/wp\/v2\/product_brand?post=5370"},{"taxonomy":"product_cat","embeddable":true,"href":"https:\/\/mustveepuukool.ee\/et\/wp-json\/wp\/v2\/product_cat?post=5370"},{"taxonomy":"product_tag","embeddable":true,"href":"https:\/\/mustveepuukool.ee\/et\/wp-json\/wp\/v2\/product_tag?post=5370"}],"curies":[{"name":"wp","href":"https:\/\/api.w.org\/{rel}","templated":true}]}}