{"id":5447,"date":"2025-01-03T15:12:29","date_gmt":"2025-01-03T15:12:29","guid":{"rendered":"https:\/\/mustveepuukool.ee\/?post_type=product&#038;p=5447"},"modified":"2026-01-21T14:48:15","modified_gmt":"2026-01-21T14:48:15","slug":"cimicifuga-japonica-silver-dance","status":"publish","type":"product","link":"https:\/\/mustveepuukool.ee\/et\/shop\/taimed\/pusikud\/muud-pusikud\/cimicifuga-japonica-silver-dance\/","title":{"rendered":"Cimicifuga japonica  &#8216;Silver Dance&#8217;"},"content":{"rendered":"<p>Pikkad p\u00fcstiste p\u00f6\u00f6ris\u00f5isikud. Noored lehed h\u00f5bedased, hiljem rohelised. V\u00e4hen\u00f5udlik.<\/p>","protected":false},"excerpt":{"rendered":"<p>Jaapani lursslill<br \/>\u2191 1,5-1,8 m <br \/>\u25d1\u3007 <br \/>\ua564 august-oktoober <br \/>&#8212; 29\u00b0C (5 tsoon)<\/p>","protected":false},"featured_media":5448,"template":"","meta":[],"product_brand":[],"product_cat":[111],"product_tag":[],"class_list":{"0":"post-5447","1":"product","2":"type-product","3":"status-publish","4":"has-post-thumbnail","6":"product_cat-muud-pusikud","7":"pa_suurus-1l-pott","9":"first","10":"outofstock","11":"shipping-taxable","12":"purchasable","13":"product-type-variable","14":"has-default-attributes"},"jetpack_sharing_enabled":true,"_links":{"self":[{"href":"https:\/\/mustveepuukool.ee\/et\/wp-json\/wp\/v2\/product\/5447","targetHints":{"allow":["GET"]}}],"collection":[{"href":"https:\/\/mustveepuukool.ee\/et\/wp-json\/wp\/v2\/product"}],"about":[{"href":"https:\/\/mustveepuukool.ee\/et\/wp-json\/wp\/v2\/types\/product"}],"version-history":[{"count":2,"href":"https:\/\/mustveepuukool.ee\/et\/wp-json\/wp\/v2\/product\/5447\/revisions"}],"predecessor-version":[{"id":5451,"href":"https:\/\/mustveepuukool.ee\/et\/wp-json\/wp\/v2\/product\/5447\/revisions\/5451"}],"wp:featuredmedia":[{"embeddable":true,"href":"https:\/\/mustveepuukool.ee\/et\/wp-json\/wp\/v2\/media\/5448"}],"wp:attachment":[{"href":"https:\/\/mustveepuukool.ee\/et\/wp-json\/wp\/v2\/media?parent=5447"}],"wp:term":[{"taxonomy":"product_brand","embeddable":true,"href":"https:\/\/mustveepuukool.ee\/et\/wp-json\/wp\/v2\/product_brand?post=5447"},{"taxonomy":"product_cat","embeddable":true,"href":"https:\/\/mustveepuukool.ee\/et\/wp-json\/wp\/v2\/product_cat?post=5447"},{"taxonomy":"product_tag","embeddable":true,"href":"https:\/\/mustveepuukool.ee\/et\/wp-json\/wp\/v2\/product_tag?post=5447"}],"curies":[{"name":"wp","href":"https:\/\/api.w.org\/{rel}","templated":true}]}}