{"id":5460,"date":"2025-01-03T19:08:14","date_gmt":"2025-01-03T19:08:14","guid":{"rendered":"https:\/\/mustveepuukool.ee\/?post_type=product&#038;p=5460"},"modified":"2026-04-08T10:35:06","modified_gmt":"2026-04-08T10:35:06","slug":"clematis-hagley-hybrid","status":"publish","type":"product","link":"https:\/\/mustveepuukool.ee\/et\/shop\/taimed\/pusikud\/elulongad\/clematis-hagley-hybrid\/","title":{"rendered":"Clematis &#8216;Hagley Hybrid&#8217;"},"content":{"rendered":"<p>\u00dcks parimaid suure\u00f5ielisi sorte. Roosad \u00f5ied. \nV\u00e4hen\u00f5udlik.<\/p>","protected":false},"excerpt":{"rendered":"<p>Elul\u00f5ng<br \/>\u2191 2 m <br \/>\u25d1\u3007 <br \/>\ua564 juuli-september <br \/>&#8212; 29\u00b0C (5 tsoon)<\/p>","protected":false},"featured_media":5461,"template":"","meta":[],"product_brand":[],"product_cat":[125],"product_tag":[],"class_list":{"0":"post-5460","1":"product","2":"type-product","3":"status-publish","4":"has-post-thumbnail","6":"product_cat-elulongad","7":"pa_suurus-9cm-pott","9":"first","10":"instock","11":"shipping-taxable","12":"purchasable","13":"product-type-variable","14":"has-default-attributes"},"jetpack_sharing_enabled":true,"_links":{"self":[{"href":"https:\/\/mustveepuukool.ee\/et\/wp-json\/wp\/v2\/product\/5460","targetHints":{"allow":["GET"]}}],"collection":[{"href":"https:\/\/mustveepuukool.ee\/et\/wp-json\/wp\/v2\/product"}],"about":[{"href":"https:\/\/mustveepuukool.ee\/et\/wp-json\/wp\/v2\/types\/product"}],"version-history":[{"count":2,"href":"https:\/\/mustveepuukool.ee\/et\/wp-json\/wp\/v2\/product\/5460\/revisions"}],"predecessor-version":[{"id":5464,"href":"https:\/\/mustveepuukool.ee\/et\/wp-json\/wp\/v2\/product\/5460\/revisions\/5464"}],"wp:featuredmedia":[{"embeddable":true,"href":"https:\/\/mustveepuukool.ee\/et\/wp-json\/wp\/v2\/media\/5461"}],"wp:attachment":[{"href":"https:\/\/mustveepuukool.ee\/et\/wp-json\/wp\/v2\/media?parent=5460"}],"wp:term":[{"taxonomy":"product_brand","embeddable":true,"href":"https:\/\/mustveepuukool.ee\/et\/wp-json\/wp\/v2\/product_brand?post=5460"},{"taxonomy":"product_cat","embeddable":true,"href":"https:\/\/mustveepuukool.ee\/et\/wp-json\/wp\/v2\/product_cat?post=5460"},{"taxonomy":"product_tag","embeddable":true,"href":"https:\/\/mustveepuukool.ee\/et\/wp-json\/wp\/v2\/product_tag?post=5460"}],"curies":[{"name":"wp","href":"https:\/\/api.w.org\/{rel}","templated":true}]}}