{"id":552,"date":"2024-01-16T09:00:34","date_gmt":"2024-01-16T09:00:34","guid":{"rendered":"https:\/\/mustveepuukool.ee\/?post_type=product&#038;p=552"},"modified":"2026-01-21T16:00:56","modified_gmt":"2026-01-21T16:00:56","slug":"rosa-peace","status":"publish","type":"product","link":"https:\/\/mustveepuukool.ee\/et\/shop\/taimed\/roosid\/rosa-peace\/","title":{"rendered":"Rosa &#8216;Peace&#8217;"},"content":{"rendered":"<p>V\u00e4ga suured \u00f5ied on kreemjaskollased ja vaarikakarva servadega. Korduv\u00f5itseja. Tugev, puuviljane l\u00f5hn. P\u00f5\u00f5sas on v\u00e4ga tugev ja haigusekindel.<\/p>","protected":false},"excerpt":{"rendered":"<p>Teeh\u00fcbriidroos<br \/>\u2191100-120 cm <br \/>\u2194 60-90 cm<br \/>\u25d1\u3007<br \/>\ua564 juuni-oktoober<br \/>-29\u00b0C (5 tsoon) <\/p>","protected":false},"featured_media":9126,"template":"","meta":[],"product_brand":[],"product_cat":[23,28],"product_tag":[],"class_list":{"0":"post-552","1":"product","2":"type-product","3":"status-publish","4":"has-post-thumbnail","6":"product_cat-taimed","7":"product_cat-roosid","8":"pa_suurus-2l-pott","10":"first","11":"outofstock","12":"shipping-taxable","13":"purchasable","14":"product-type-variable","15":"has-default-attributes"},"jetpack_sharing_enabled":true,"_links":{"self":[{"href":"https:\/\/mustveepuukool.ee\/et\/wp-json\/wp\/v2\/product\/552","targetHints":{"allow":["GET"]}}],"collection":[{"href":"https:\/\/mustveepuukool.ee\/et\/wp-json\/wp\/v2\/product"}],"about":[{"href":"https:\/\/mustveepuukool.ee\/et\/wp-json\/wp\/v2\/types\/product"}],"version-history":[{"count":1,"href":"https:\/\/mustveepuukool.ee\/et\/wp-json\/wp\/v2\/product\/552\/revisions"}],"predecessor-version":[{"id":8835,"href":"https:\/\/mustveepuukool.ee\/et\/wp-json\/wp\/v2\/product\/552\/revisions\/8835"}],"wp:featuredmedia":[{"embeddable":true,"href":"https:\/\/mustveepuukool.ee\/et\/wp-json\/wp\/v2\/media\/9126"}],"wp:attachment":[{"href":"https:\/\/mustveepuukool.ee\/et\/wp-json\/wp\/v2\/media?parent=552"}],"wp:term":[{"taxonomy":"product_brand","embeddable":true,"href":"https:\/\/mustveepuukool.ee\/et\/wp-json\/wp\/v2\/product_brand?post=552"},{"taxonomy":"product_cat","embeddable":true,"href":"https:\/\/mustveepuukool.ee\/et\/wp-json\/wp\/v2\/product_cat?post=552"},{"taxonomy":"product_tag","embeddable":true,"href":"https:\/\/mustveepuukool.ee\/et\/wp-json\/wp\/v2\/product_tag?post=552"}],"curies":[{"name":"wp","href":"https:\/\/api.w.org\/{rel}","templated":true}]}}