{"id":5558,"date":"2025-01-07T15:14:46","date_gmt":"2025-01-07T15:14:46","guid":{"rendered":"https:\/\/mustveepuukool.ee\/?post_type=product&#038;p=5558"},"modified":"2026-05-05T08:14:21","modified_gmt":"2026-05-05T08:14:21","slug":"cornus-sanguinea-midwinter-fire","status":"publish","type":"product","link":"https:\/\/mustveepuukool.ee\/et\/shop\/taimed\/ilupoosad\/kontpuu\/cornus-sanguinea-midwinter-fire\/","title":{"rendered":"Cornus sanguinea &#8216;Midwinter Fire&#8217;"},"content":{"rendered":"<p>Lehed on rohelised, s\u00fcgisel kollased v\u00f5i punased. \nV\u00f5rsed punased. \u00d5ied on valged. Marjad valged ja\ns\u00f6\u00f6dav. Kiirekasvuline. V\u00e4hen\u00f5udlik.<\/p>","protected":false},"excerpt":{"rendered":"<p>Verev kontpuu<br \/>\u2191 120 cm <br \/>\u2194 120 cm <br \/>\u25d1\u3007 <br \/>\ua564 juuni <br \/>&#8212; 29\u00b0C (5 tsoon)<\/p>","protected":false},"featured_media":5564,"template":"","meta":[],"product_brand":[],"product_cat":[126],"product_tag":[],"class_list":{"0":"post-5558","1":"product","2":"type-product","3":"status-publish","4":"has-post-thumbnail","6":"product_cat-kontpuu","7":"pa_suurus-2l-pott","9":"first","10":"instock","11":"shipping-taxable","12":"purchasable","13":"product-type-variable","14":"has-default-attributes"},"jetpack_sharing_enabled":true,"_links":{"self":[{"href":"https:\/\/mustveepuukool.ee\/et\/wp-json\/wp\/v2\/product\/5558","targetHints":{"allow":["GET"]}}],"collection":[{"href":"https:\/\/mustveepuukool.ee\/et\/wp-json\/wp\/v2\/product"}],"about":[{"href":"https:\/\/mustveepuukool.ee\/et\/wp-json\/wp\/v2\/types\/product"}],"version-history":[{"count":2,"href":"https:\/\/mustveepuukool.ee\/et\/wp-json\/wp\/v2\/product\/5558\/revisions"}],"predecessor-version":[{"id":5563,"href":"https:\/\/mustveepuukool.ee\/et\/wp-json\/wp\/v2\/product\/5558\/revisions\/5563"}],"wp:featuredmedia":[{"embeddable":true,"href":"https:\/\/mustveepuukool.ee\/et\/wp-json\/wp\/v2\/media\/5564"}],"wp:attachment":[{"href":"https:\/\/mustveepuukool.ee\/et\/wp-json\/wp\/v2\/media?parent=5558"}],"wp:term":[{"taxonomy":"product_brand","embeddable":true,"href":"https:\/\/mustveepuukool.ee\/et\/wp-json\/wp\/v2\/product_brand?post=5558"},{"taxonomy":"product_cat","embeddable":true,"href":"https:\/\/mustveepuukool.ee\/et\/wp-json\/wp\/v2\/product_cat?post=5558"},{"taxonomy":"product_tag","embeddable":true,"href":"https:\/\/mustveepuukool.ee\/et\/wp-json\/wp\/v2\/product_tag?post=5558"}],"curies":[{"name":"wp","href":"https:\/\/api.w.org\/{rel}","templated":true}]}}