{"id":5585,"date":"2025-01-07T20:30:14","date_gmt":"2025-01-07T20:30:14","guid":{"rendered":"https:\/\/mustveepuukool.ee\/?post_type=product&#038;p=5585"},"modified":"2026-01-19T16:45:52","modified_gmt":"2026-01-19T16:45:52","slug":"cotoneaster-lucidus","status":"publish","type":"product","link":"https:\/\/mustveepuukool.ee\/et\/shop\/taimed\/ilupoosad\/muud-ilupoosad\/cotoneaster-lucidus\/","title":{"rendered":"Cotoneaster lucidus"},"content":{"rendered":"<p>Lehed on rohelised, l\u00e4ikivad, s\u00fcgisel oranz kuni sarlak-punane. \u00d5ied roosavalged. Marjad mustad kattab kevadeni (mitte m\u00fcrgine). V\u00e4hen\u00f5udlik.<\/p>","protected":false},"excerpt":{"rendered":"<p>L\u00e4ikiv Tuhkpuu<br \/>\u2191 2-2,5 m <br \/>\u2194 2m <br \/>\u25d1\u3007 <br \/>\ua564 aprill <br \/>&#8212; 29\u00b0C (5 tsoon)<\/p>","protected":false},"featured_media":5590,"template":"","meta":[],"product_brand":[],"product_cat":[127],"product_tag":[],"class_list":{"0":"post-5585","1":"product","2":"type-product","3":"status-publish","4":"has-post-thumbnail","6":"product_cat-muud-ilupoosad","7":"pa_suurus-2l-pott","9":"first","10":"outofstock","11":"shipping-taxable","12":"purchasable","13":"product-type-variable","14":"has-default-attributes"},"jetpack_sharing_enabled":true,"_links":{"self":[{"href":"https:\/\/mustveepuukool.ee\/et\/wp-json\/wp\/v2\/product\/5585","targetHints":{"allow":["GET"]}}],"collection":[{"href":"https:\/\/mustveepuukool.ee\/et\/wp-json\/wp\/v2\/product"}],"about":[{"href":"https:\/\/mustveepuukool.ee\/et\/wp-json\/wp\/v2\/types\/product"}],"version-history":[{"count":2,"href":"https:\/\/mustveepuukool.ee\/et\/wp-json\/wp\/v2\/product\/5585\/revisions"}],"predecessor-version":[{"id":5589,"href":"https:\/\/mustveepuukool.ee\/et\/wp-json\/wp\/v2\/product\/5585\/revisions\/5589"}],"wp:featuredmedia":[{"embeddable":true,"href":"https:\/\/mustveepuukool.ee\/et\/wp-json\/wp\/v2\/media\/5590"}],"wp:attachment":[{"href":"https:\/\/mustveepuukool.ee\/et\/wp-json\/wp\/v2\/media?parent=5585"}],"wp:term":[{"taxonomy":"product_brand","embeddable":true,"href":"https:\/\/mustveepuukool.ee\/et\/wp-json\/wp\/v2\/product_brand?post=5585"},{"taxonomy":"product_cat","embeddable":true,"href":"https:\/\/mustveepuukool.ee\/et\/wp-json\/wp\/v2\/product_cat?post=5585"},{"taxonomy":"product_tag","embeddable":true,"href":"https:\/\/mustveepuukool.ee\/et\/wp-json\/wp\/v2\/product_tag?post=5585"}],"curies":[{"name":"wp","href":"https:\/\/api.w.org\/{rel}","templated":true}]}}