{"id":5591,"date":"2025-01-07T20:35:16","date_gmt":"2025-01-07T20:35:16","guid":{"rendered":"https:\/\/mustveepuukool.ee\/?post_type=product&#038;p=5591"},"modified":"2026-01-19T16:45:52","modified_gmt":"2026-01-19T16:45:52","slug":"crambe-maritima","status":"publish","type":"product","link":"https:\/\/mustveepuukool.ee\/et\/shop\/taimed\/ilupoosad\/kontpuu\/crambe-maritima\/","title":{"rendered":"Crambe maritima"},"content":{"rendered":"<p>Lehed suured, nagu kapsalehed, sinakashallid, dekoratiivsed enne \u00f5itsemist. Valged v\u00e4ikesed \u00f5ied.  Noored lehed s\u00f6\u00f6davad.<\/p>","protected":false},"excerpt":{"rendered":"<p>V\u00f5sund-kontpuu<br \/>\u2191 60 cm <br \/>\u2194 60 cm <br \/>\u25d1\u3007 <br \/>\ua564 juuni-juuli <br \/>&#8212; 29\u00b0C (5 tsoon)<\/p>","protected":false},"featured_media":5592,"template":"","meta":[],"product_brand":[],"product_cat":[126],"product_tag":[],"class_list":{"0":"post-5591","1":"product","2":"type-product","3":"status-publish","4":"has-post-thumbnail","6":"product_cat-kontpuu","7":"pa_suurus-9cm-pott","9":"first","10":"outofstock","11":"shipping-taxable","12":"purchasable","13":"product-type-variable","14":"has-default-attributes"},"jetpack_sharing_enabled":true,"_links":{"self":[{"href":"https:\/\/mustveepuukool.ee\/et\/wp-json\/wp\/v2\/product\/5591","targetHints":{"allow":["GET"]}}],"collection":[{"href":"https:\/\/mustveepuukool.ee\/et\/wp-json\/wp\/v2\/product"}],"about":[{"href":"https:\/\/mustveepuukool.ee\/et\/wp-json\/wp\/v2\/types\/product"}],"version-history":[{"count":2,"href":"https:\/\/mustveepuukool.ee\/et\/wp-json\/wp\/v2\/product\/5591\/revisions"}],"predecessor-version":[{"id":5595,"href":"https:\/\/mustveepuukool.ee\/et\/wp-json\/wp\/v2\/product\/5591\/revisions\/5595"}],"wp:featuredmedia":[{"embeddable":true,"href":"https:\/\/mustveepuukool.ee\/et\/wp-json\/wp\/v2\/media\/5592"}],"wp:attachment":[{"href":"https:\/\/mustveepuukool.ee\/et\/wp-json\/wp\/v2\/media?parent=5591"}],"wp:term":[{"taxonomy":"product_brand","embeddable":true,"href":"https:\/\/mustveepuukool.ee\/et\/wp-json\/wp\/v2\/product_brand?post=5591"},{"taxonomy":"product_cat","embeddable":true,"href":"https:\/\/mustveepuukool.ee\/et\/wp-json\/wp\/v2\/product_cat?post=5591"},{"taxonomy":"product_tag","embeddable":true,"href":"https:\/\/mustveepuukool.ee\/et\/wp-json\/wp\/v2\/product_tag?post=5591"}],"curies":[{"name":"wp","href":"https:\/\/api.w.org\/{rel}","templated":true}]}}