{"id":5601,"date":"2025-01-07T20:45:01","date_gmt":"2025-01-07T20:45:01","guid":{"rendered":"https:\/\/mustveepuukool.ee\/?post_type=product&#038;p=5601"},"modified":"2026-01-19T16:45:52","modified_gmt":"2026-01-19T16:45:52","slug":"cytisus-praecox-allgold","status":"publish","type":"product","link":"https:\/\/mustveepuukool.ee\/et\/shop\/taimed\/ilupoosad\/muud-ilupoosad\/cytisus-praecox-allgold\/","title":{"rendered":"Cytisus praecox &#8216;Allgold&#8217;"},"content":{"rendered":"<p>\u00d5itseb v\u00e4ga rikkalikult. \u00d5ied p\u00e4ikese-kollased l\u00f5hnavad. V\u00e4hen\u00f5udlik.<\/p>","protected":false},"excerpt":{"rendered":"<p>Varajane luudp\u00f5\u00f5sas<br \/>\u2191 1,5 m <br \/>\u2194 1,5 m <br \/>\u25d1\u3007 <br \/>\ua564 mai<br \/>&#8212; 29\u00b0C (5 tsoon)<\/p>","protected":false},"featured_media":5602,"template":"","meta":[],"product_brand":[],"product_cat":[127],"product_tag":[],"class_list":{"0":"post-5601","1":"product","2":"type-product","3":"status-publish","4":"has-post-thumbnail","6":"product_cat-muud-ilupoosad","7":"pa_suurus-9cm-pott","9":"first","10":"outofstock","11":"shipping-taxable","12":"purchasable","13":"product-type-variable","14":"has-default-attributes"},"jetpack_sharing_enabled":true,"_links":{"self":[{"href":"https:\/\/mustveepuukool.ee\/et\/wp-json\/wp\/v2\/product\/5601","targetHints":{"allow":["GET"]}}],"collection":[{"href":"https:\/\/mustveepuukool.ee\/et\/wp-json\/wp\/v2\/product"}],"about":[{"href":"https:\/\/mustveepuukool.ee\/et\/wp-json\/wp\/v2\/types\/product"}],"version-history":[{"count":2,"href":"https:\/\/mustveepuukool.ee\/et\/wp-json\/wp\/v2\/product\/5601\/revisions"}],"predecessor-version":[{"id":5605,"href":"https:\/\/mustveepuukool.ee\/et\/wp-json\/wp\/v2\/product\/5601\/revisions\/5605"}],"wp:featuredmedia":[{"embeddable":true,"href":"https:\/\/mustveepuukool.ee\/et\/wp-json\/wp\/v2\/media\/5602"}],"wp:attachment":[{"href":"https:\/\/mustveepuukool.ee\/et\/wp-json\/wp\/v2\/media?parent=5601"}],"wp:term":[{"taxonomy":"product_brand","embeddable":true,"href":"https:\/\/mustveepuukool.ee\/et\/wp-json\/wp\/v2\/product_brand?post=5601"},{"taxonomy":"product_cat","embeddable":true,"href":"https:\/\/mustveepuukool.ee\/et\/wp-json\/wp\/v2\/product_cat?post=5601"},{"taxonomy":"product_tag","embeddable":true,"href":"https:\/\/mustveepuukool.ee\/et\/wp-json\/wp\/v2\/product_tag?post=5601"}],"curies":[{"name":"wp","href":"https:\/\/api.w.org\/{rel}","templated":true}]}}