{"id":573,"date":"2024-01-16T18:23:52","date_gmt":"2024-01-16T18:23:52","guid":{"rendered":"https:\/\/mustveepuukool.ee\/?post_type=product&#038;p=573"},"modified":"2026-04-11T15:58:12","modified_gmt":"2026-04-11T15:58:12","slug":"hydrangea-paniculata-mojito","status":"publish","type":"product","link":"https:\/\/mustveepuukool.ee\/et\/shop\/taimed\/ilupoosad\/hortensiad\/hydrangea-paniculata-mojito\/","title":{"rendered":"Hydrangea paniculata &#8216;Mojito&#8217;"},"content":{"rendered":"<p>\u00dcmara kasvukujuga kompaktne p\u00f5\u00f5sas. \u00d5ied moodustavad suure koonusekujulise koheva \u00f5isiku. Juulis alustab \u00f5itsemist pehme laimirohelise tooniga, millele lisandub s\u00fcgiseks heleroosa varjund. Tugevad varred ei lamandu \u00f5isikute raskuse all.<\/p>","protected":false},"excerpt":{"rendered":"<p>Aedhortensia<br \/>\u2191100-120cm <br \/>\u2194100-120cm <br \/>\u25d1\u3007 <br \/>\ua564 juuli-september <br \/>-29\u00b0C (5 tsoon)<\/p>","protected":false},"featured_media":574,"template":"","meta":[],"product_brand":[],"product_cat":[54],"product_tag":[],"class_list":{"0":"post-573","1":"product","2":"type-product","3":"status-publish","4":"has-post-thumbnail","6":"product_cat-hortensiad","7":"pa_suurus-25cm-pott","9":"first","10":"instock","11":"shipping-taxable","12":"purchasable","13":"product-type-variable","14":"has-default-attributes"},"jetpack_sharing_enabled":true,"_links":{"self":[{"href":"https:\/\/mustveepuukool.ee\/et\/wp-json\/wp\/v2\/product\/573","targetHints":{"allow":["GET"]}}],"collection":[{"href":"https:\/\/mustveepuukool.ee\/et\/wp-json\/wp\/v2\/product"}],"about":[{"href":"https:\/\/mustveepuukool.ee\/et\/wp-json\/wp\/v2\/types\/product"}],"version-history":[{"count":1,"href":"https:\/\/mustveepuukool.ee\/et\/wp-json\/wp\/v2\/product\/573\/revisions"}],"predecessor-version":[{"id":3692,"href":"https:\/\/mustveepuukool.ee\/et\/wp-json\/wp\/v2\/product\/573\/revisions\/3692"}],"wp:featuredmedia":[{"embeddable":true,"href":"https:\/\/mustveepuukool.ee\/et\/wp-json\/wp\/v2\/media\/574"}],"wp:attachment":[{"href":"https:\/\/mustveepuukool.ee\/et\/wp-json\/wp\/v2\/media?parent=573"}],"wp:term":[{"taxonomy":"product_brand","embeddable":true,"href":"https:\/\/mustveepuukool.ee\/et\/wp-json\/wp\/v2\/product_brand?post=573"},{"taxonomy":"product_cat","embeddable":true,"href":"https:\/\/mustveepuukool.ee\/et\/wp-json\/wp\/v2\/product_cat?post=573"},{"taxonomy":"product_tag","embeddable":true,"href":"https:\/\/mustveepuukool.ee\/et\/wp-json\/wp\/v2\/product_tag?post=573"}],"curies":[{"name":"wp","href":"https:\/\/api.w.org\/{rel}","templated":true}]}}