{"id":576,"date":"2024-01-16T18:30:56","date_gmt":"2024-01-16T18:30:56","guid":{"rendered":"https:\/\/mustveepuukool.ee\/?post_type=product&#038;p=576"},"modified":"2026-04-16T16:06:56","modified_gmt":"2026-04-16T16:06:56","slug":"hydrangea-paniculata-petite-lantern","status":"publish","type":"product","link":"https:\/\/mustveepuukool.ee\/et\/shop\/taimed\/ilupoosad\/hortensiad\/hydrangea-paniculata-petite-lantern\/","title":{"rendered":"Hydrangea paniculata &#8216;Petite Lantern&#8217;"},"content":{"rendered":"<p>Kompaktne p\u00f5\u00f5sas. \u00d5ied moodustavad suure koonusekujulise koheva \u00f5isiku. Juulis alustab \u00f5itsemist valge tooniga, millele lisandub s\u00fcgiseks tumeroosa varjund. Tugevad varred ei lamandu \u00f5isikute raskuse all.<\/p>","protected":false},"excerpt":{"rendered":"<p>Aedhortensia<br \/>\u219180cm <br \/>\u219440cm <br \/>\u25d1\u3007 <br \/>\ua564 juuli-september <br \/>-29\u00b0C (5 tsoon)<\/p>","protected":false},"featured_media":578,"template":"","meta":[],"product_brand":[],"product_cat":[54],"product_tag":[],"class_list":{"0":"post-576","1":"product","2":"type-product","3":"status-publish","4":"has-post-thumbnail","6":"product_cat-hortensiad","7":"pa_suurus-20cm-pott","9":"first","10":"instock","11":"shipping-taxable","12":"purchasable","13":"product-type-variable","14":"has-default-attributes"},"jetpack_sharing_enabled":true,"_links":{"self":[{"href":"https:\/\/mustveepuukool.ee\/et\/wp-json\/wp\/v2\/product\/576","targetHints":{"allow":["GET"]}}],"collection":[{"href":"https:\/\/mustveepuukool.ee\/et\/wp-json\/wp\/v2\/product"}],"about":[{"href":"https:\/\/mustveepuukool.ee\/et\/wp-json\/wp\/v2\/types\/product"}],"version-history":[{"count":1,"href":"https:\/\/mustveepuukool.ee\/et\/wp-json\/wp\/v2\/product\/576\/revisions"}],"predecessor-version":[{"id":3691,"href":"https:\/\/mustveepuukool.ee\/et\/wp-json\/wp\/v2\/product\/576\/revisions\/3691"}],"wp:featuredmedia":[{"embeddable":true,"href":"https:\/\/mustveepuukool.ee\/et\/wp-json\/wp\/v2\/media\/578"}],"wp:attachment":[{"href":"https:\/\/mustveepuukool.ee\/et\/wp-json\/wp\/v2\/media?parent=576"}],"wp:term":[{"taxonomy":"product_brand","embeddable":true,"href":"https:\/\/mustveepuukool.ee\/et\/wp-json\/wp\/v2\/product_brand?post=576"},{"taxonomy":"product_cat","embeddable":true,"href":"https:\/\/mustveepuukool.ee\/et\/wp-json\/wp\/v2\/product_cat?post=576"},{"taxonomy":"product_tag","embeddable":true,"href":"https:\/\/mustveepuukool.ee\/et\/wp-json\/wp\/v2\/product_tag?post=576"}],"curies":[{"name":"wp","href":"https:\/\/api.w.org\/{rel}","templated":true}]}}