{"id":5780,"date":"2025-01-11T14:39:47","date_gmt":"2025-01-11T14:39:47","guid":{"rendered":"https:\/\/mustveepuukool.ee\/?post_type=product&#038;p=5780"},"modified":"2026-01-21T14:47:34","modified_gmt":"2026-01-21T14:47:34","slug":"echinacea-strawberry-and-cream","status":"publish","type":"product","link":"https:\/\/mustveepuukool.ee\/et\/shop\/taimed\/pusikud\/siilkubarad\/echinacea-strawberry-and-cream\/","title":{"rendered":"Echinacea  &#8216;Strawberry and Cream&#8217;"},"content":{"rendered":"<p>\u00d5ied on t\u00e4idis\u00f5ielised tumeroosad, kroonlehed kahvaturoosad, s\u00fcdamiku \u00fcmber tumeroosad. Oliivroheline lehestik. Mesilaste lemmik. V\u00e4hen\u00f5udlik.<\/p>","protected":false},"excerpt":{"rendered":"<p>Purpur-siilk\u00fcbar<br \/>\u2191 25 cm \u00f5iega 60cm <br \/>\u2194 30 cm <br \/>\u25d1\u3007 <br \/>\ua564 juuli-august <br \/>&#8212; 29\u00b0C (5 tsoon)<\/p>","protected":false},"featured_media":5781,"template":"","meta":[],"product_brand":[],"product_cat":[130],"product_tag":[],"class_list":{"0":"post-5780","1":"product","2":"type-product","3":"status-publish","4":"has-post-thumbnail","6":"product_cat-siilkubarad","7":"pa_suurus-9cm-pott","9":"first","10":"outofstock","11":"shipping-taxable","12":"purchasable","13":"product-type-variable","14":"has-default-attributes"},"jetpack_sharing_enabled":true,"_links":{"self":[{"href":"https:\/\/mustveepuukool.ee\/et\/wp-json\/wp\/v2\/product\/5780","targetHints":{"allow":["GET"]}}],"collection":[{"href":"https:\/\/mustveepuukool.ee\/et\/wp-json\/wp\/v2\/product"}],"about":[{"href":"https:\/\/mustveepuukool.ee\/et\/wp-json\/wp\/v2\/types\/product"}],"version-history":[{"count":2,"href":"https:\/\/mustveepuukool.ee\/et\/wp-json\/wp\/v2\/product\/5780\/revisions"}],"predecessor-version":[{"id":5784,"href":"https:\/\/mustveepuukool.ee\/et\/wp-json\/wp\/v2\/product\/5780\/revisions\/5784"}],"wp:featuredmedia":[{"embeddable":true,"href":"https:\/\/mustveepuukool.ee\/et\/wp-json\/wp\/v2\/media\/5781"}],"wp:attachment":[{"href":"https:\/\/mustveepuukool.ee\/et\/wp-json\/wp\/v2\/media?parent=5780"}],"wp:term":[{"taxonomy":"product_brand","embeddable":true,"href":"https:\/\/mustveepuukool.ee\/et\/wp-json\/wp\/v2\/product_brand?post=5780"},{"taxonomy":"product_cat","embeddable":true,"href":"https:\/\/mustveepuukool.ee\/et\/wp-json\/wp\/v2\/product_cat?post=5780"},{"taxonomy":"product_tag","embeddable":true,"href":"https:\/\/mustveepuukool.ee\/et\/wp-json\/wp\/v2\/product_tag?post=5780"}],"curies":[{"name":"wp","href":"https:\/\/api.w.org\/{rel}","templated":true}]}}