{"id":579,"date":"2024-01-16T18:37:45","date_gmt":"2024-01-16T18:37:45","guid":{"rendered":"https:\/\/mustveepuukool.ee\/?post_type=product&#038;p=579"},"modified":"2026-04-16T16:47:08","modified_gmt":"2026-04-16T16:47:08","slug":"hydrangea-paniculata-polar-bear","status":"publish","type":"product","link":"https:\/\/mustveepuukool.ee\/et\/shop\/taimed\/ilupoosad\/hortensiad\/hydrangea-paniculata-polar-bear\/","title":{"rendered":"Hydrangea paniculata &#8216;Polar Bear&#8217;"},"content":{"rendered":"<p>Meeldivalt l\u00f5hnavad \u00f5isikud on alguses rohelised, hiljem muutuvad puhasvalgeks. S\u00fcgisel on \u00f5ikestel aga hoopis roosakas kuma. Suured \u00f5isikud on u 20-25 cm pikad ning on v\u00e4ga hea vastupidavusega vihmale.<\/p>","protected":false},"excerpt":{"rendered":"<p>Aedhortensia<br \/>\u2191150-180cm <br \/>\u2194150-180cm <br \/>\u25d1\u3007 <br \/>\ua564 juuli-september <br \/>&#8212; 29\u00b0C (5 tsoon)<\/p>","protected":false},"featured_media":580,"template":"","meta":[],"product_brand":[],"product_cat":[54],"product_tag":[],"class_list":{"0":"post-579","1":"product","2":"type-product","3":"status-publish","4":"has-post-thumbnail","6":"product_cat-hortensiad","7":"pa_suurus-15cm-pott","8":"pa_suurus-20cm-pott","9":"pa_suurus-25cm-pott","11":"first","12":"instock","13":"shipping-taxable","14":"purchasable","15":"product-type-variable","16":"has-default-attributes"},"jetpack_sharing_enabled":true,"_links":{"self":[{"href":"https:\/\/mustveepuukool.ee\/et\/wp-json\/wp\/v2\/product\/579","targetHints":{"allow":["GET"]}}],"collection":[{"href":"https:\/\/mustveepuukool.ee\/et\/wp-json\/wp\/v2\/product"}],"about":[{"href":"https:\/\/mustveepuukool.ee\/et\/wp-json\/wp\/v2\/types\/product"}],"version-history":[{"count":2,"href":"https:\/\/mustveepuukool.ee\/et\/wp-json\/wp\/v2\/product\/579\/revisions"}],"predecessor-version":[{"id":4290,"href":"https:\/\/mustveepuukool.ee\/et\/wp-json\/wp\/v2\/product\/579\/revisions\/4290"}],"wp:featuredmedia":[{"embeddable":true,"href":"https:\/\/mustveepuukool.ee\/et\/wp-json\/wp\/v2\/media\/580"}],"wp:attachment":[{"href":"https:\/\/mustveepuukool.ee\/et\/wp-json\/wp\/v2\/media?parent=579"}],"wp:term":[{"taxonomy":"product_brand","embeddable":true,"href":"https:\/\/mustveepuukool.ee\/et\/wp-json\/wp\/v2\/product_brand?post=579"},{"taxonomy":"product_cat","embeddable":true,"href":"https:\/\/mustveepuukool.ee\/et\/wp-json\/wp\/v2\/product_cat?post=579"},{"taxonomy":"product_tag","embeddable":true,"href":"https:\/\/mustveepuukool.ee\/et\/wp-json\/wp\/v2\/product_tag?post=579"}],"curies":[{"name":"wp","href":"https:\/\/api.w.org\/{rel}","templated":true}]}}