{"id":581,"date":"2024-01-16T18:41:10","date_gmt":"2024-01-16T18:41:10","guid":{"rendered":"https:\/\/mustveepuukool.ee\/?post_type=product&#038;p=581"},"modified":"2026-04-16T16:20:01","modified_gmt":"2026-04-16T16:20:01","slug":"hydrangea-paniculata-skyfall","status":"publish","type":"product","link":"https:\/\/mustveepuukool.ee\/et\/shop\/taimed\/ilupoosad\/hortensiad\/hydrangea-paniculata-skyfall\/","title":{"rendered":"Hydrangea paniculata &#8216;Skyfall&#8217;"},"content":{"rendered":"<p>V\u00e4ga k\u00fclluslik \u00f5itseja! Suured valged \u00f5ied, mis meenutavad h\u00fcatsinte. \u00d5ied puhkedes valged, hiljem v\u00f5tavad roosaka tooni.<\/p>","protected":false},"excerpt":{"rendered":"<p>Aaedhortensia<br \/>\u2191 120cm <br \/>\u2194 100cm <br \/>\u25d1\u3007 <br \/>\ua564 juuli-september <br \/>&#8212; 29\u00b0C (5 tsoon)<\/p>","protected":false},"featured_media":582,"template":"","meta":[],"product_brand":[],"product_cat":[54],"product_tag":[],"class_list":{"0":"post-581","1":"product","2":"type-product","3":"status-publish","4":"has-post-thumbnail","6":"product_cat-hortensiad","7":"pa_suurus-20cm-pott","9":"first","10":"instock","11":"shipping-taxable","12":"purchasable","13":"product-type-variable","14":"has-default-attributes"},"jetpack_sharing_enabled":true,"_links":{"self":[{"href":"https:\/\/mustveepuukool.ee\/et\/wp-json\/wp\/v2\/product\/581","targetHints":{"allow":["GET"]}}],"collection":[{"href":"https:\/\/mustveepuukool.ee\/et\/wp-json\/wp\/v2\/product"}],"about":[{"href":"https:\/\/mustveepuukool.ee\/et\/wp-json\/wp\/v2\/types\/product"}],"version-history":[{"count":2,"href":"https:\/\/mustveepuukool.ee\/et\/wp-json\/wp\/v2\/product\/581\/revisions"}],"predecessor-version":[{"id":4294,"href":"https:\/\/mustveepuukool.ee\/et\/wp-json\/wp\/v2\/product\/581\/revisions\/4294"}],"wp:featuredmedia":[{"embeddable":true,"href":"https:\/\/mustveepuukool.ee\/et\/wp-json\/wp\/v2\/media\/582"}],"wp:attachment":[{"href":"https:\/\/mustveepuukool.ee\/et\/wp-json\/wp\/v2\/media?parent=581"}],"wp:term":[{"taxonomy":"product_brand","embeddable":true,"href":"https:\/\/mustveepuukool.ee\/et\/wp-json\/wp\/v2\/product_brand?post=581"},{"taxonomy":"product_cat","embeddable":true,"href":"https:\/\/mustveepuukool.ee\/et\/wp-json\/wp\/v2\/product_cat?post=581"},{"taxonomy":"product_tag","embeddable":true,"href":"https:\/\/mustveepuukool.ee\/et\/wp-json\/wp\/v2\/product_tag?post=581"}],"curies":[{"name":"wp","href":"https:\/\/api.w.org\/{rel}","templated":true}]}}