{"id":587,"date":"2024-01-16T20:54:48","date_gmt":"2024-01-16T20:54:48","guid":{"rendered":"https:\/\/mustveepuukool.ee\/?post_type=product&#038;p=587"},"modified":"2026-04-11T09:38:03","modified_gmt":"2026-04-11T09:38:03","slug":"hydrangea-paniculata-petite-cherry","status":"publish","type":"product","link":"https:\/\/mustveepuukool.ee\/et\/shop\/taimed\/ilupoosad\/hortensiad\/hydrangea-paniculata-petite-cherry\/","title":{"rendered":"Hydrangea paniculata &#8216;Petite Cherry&#8217;"},"content":{"rendered":"<p>Madal sort, mida saab kasvatada ka potis terrassil v\u00f5i aiavaasis. Puhkedes on \u00f5ied rohekasvalged, seej\u00e4rel puhasvalged, k\u00fcpsedes muutuvad roosakaks ja l\u00f5puks on punased.<\/p>","protected":false},"excerpt":{"rendered":"<p>Aedhortensia<br \/>\u219140-50cm <br \/>\u2194 40-50cm <br \/>\u25d1\u3007 <br \/>\ua564 juuli-september <br \/>-29\u00b0C (5 tsoon)<\/p>","protected":false},"featured_media":588,"template":"","meta":[],"product_brand":[],"product_cat":[54],"product_tag":[],"class_list":{"0":"post-587","1":"product","2":"type-product","3":"status-publish","4":"has-post-thumbnail","6":"product_cat-hortensiad","7":"pa_suurus-5l-pott","9":"first","10":"instock","11":"shipping-taxable","12":"purchasable","13":"product-type-variable","14":"has-default-attributes"},"jetpack_sharing_enabled":true,"_links":{"self":[{"href":"https:\/\/mustveepuukool.ee\/et\/wp-json\/wp\/v2\/product\/587","targetHints":{"allow":["GET"]}}],"collection":[{"href":"https:\/\/mustveepuukool.ee\/et\/wp-json\/wp\/v2\/product"}],"about":[{"href":"https:\/\/mustveepuukool.ee\/et\/wp-json\/wp\/v2\/types\/product"}],"version-history":[{"count":1,"href":"https:\/\/mustveepuukool.ee\/et\/wp-json\/wp\/v2\/product\/587\/revisions"}],"predecessor-version":[{"id":3687,"href":"https:\/\/mustveepuukool.ee\/et\/wp-json\/wp\/v2\/product\/587\/revisions\/3687"}],"wp:featuredmedia":[{"embeddable":true,"href":"https:\/\/mustveepuukool.ee\/et\/wp-json\/wp\/v2\/media\/588"}],"wp:attachment":[{"href":"https:\/\/mustveepuukool.ee\/et\/wp-json\/wp\/v2\/media?parent=587"}],"wp:term":[{"taxonomy":"product_brand","embeddable":true,"href":"https:\/\/mustveepuukool.ee\/et\/wp-json\/wp\/v2\/product_brand?post=587"},{"taxonomy":"product_cat","embeddable":true,"href":"https:\/\/mustveepuukool.ee\/et\/wp-json\/wp\/v2\/product_cat?post=587"},{"taxonomy":"product_tag","embeddable":true,"href":"https:\/\/mustveepuukool.ee\/et\/wp-json\/wp\/v2\/product_tag?post=587"}],"curies":[{"name":"wp","href":"https:\/\/api.w.org\/{rel}","templated":true}]}}