{"id":5879,"date":"2025-01-13T17:11:57","date_gmt":"2025-01-13T17:11:57","guid":{"rendered":"https:\/\/mustveepuukool.ee\/?post_type=product&#038;p=5879"},"modified":"2026-05-05T08:14:21","modified_gmt":"2026-05-05T08:14:21","slug":"filipendula-ulmaria-variegata","status":"publish","type":"product","link":"https:\/\/mustveepuukool.ee\/et\/shop\/taimed\/pusikud\/muud-pusikud\/filipendula-ulmaria-variegata\/","title":{"rendered":"Filipendula ulmaria &#8216;Variegata&#8217;"},"content":{"rendered":"<p>Kirjulehine. \u00d5isikud kreemikas-valge, suured, uhked, l\u00f5hnavad. \u00d5itseb pikaajaliselt ja rikkalikult.\u00a0<strong>Dekoratiivne l\u00e4bi hooaja.<\/strong>V\u00e4hen\u00f5udlik.<\/p>","protected":false},"excerpt":{"rendered":"<p>Purpur-angervaks<br \/>\u2191 1-1,2 m <br \/>\u2194 50 cm <br \/>\u25d1\u3007 <br \/>\ua564 juuni-juuli <br \/>&#8212; 29\u00b0C (5 tsoon)<\/p>","protected":false},"featured_media":5880,"template":"","meta":[],"product_brand":[],"product_cat":[111],"product_tag":[],"class_list":{"0":"post-5879","1":"product","2":"type-product","3":"status-publish","4":"has-post-thumbnail","6":"product_cat-muud-pusikud","7":"pa_suurus-13cm-pott","9":"first","10":"instock","11":"shipping-taxable","12":"purchasable","13":"product-type-variable","14":"has-default-attributes"},"jetpack_sharing_enabled":true,"_links":{"self":[{"href":"https:\/\/mustveepuukool.ee\/et\/wp-json\/wp\/v2\/product\/5879","targetHints":{"allow":["GET"]}}],"collection":[{"href":"https:\/\/mustveepuukool.ee\/et\/wp-json\/wp\/v2\/product"}],"about":[{"href":"https:\/\/mustveepuukool.ee\/et\/wp-json\/wp\/v2\/types\/product"}],"version-history":[{"count":3,"href":"https:\/\/mustveepuukool.ee\/et\/wp-json\/wp\/v2\/product\/5879\/revisions"}],"predecessor-version":[{"id":5884,"href":"https:\/\/mustveepuukool.ee\/et\/wp-json\/wp\/v2\/product\/5879\/revisions\/5884"}],"wp:featuredmedia":[{"embeddable":true,"href":"https:\/\/mustveepuukool.ee\/et\/wp-json\/wp\/v2\/media\/5880"}],"wp:attachment":[{"href":"https:\/\/mustveepuukool.ee\/et\/wp-json\/wp\/v2\/media?parent=5879"}],"wp:term":[{"taxonomy":"product_brand","embeddable":true,"href":"https:\/\/mustveepuukool.ee\/et\/wp-json\/wp\/v2\/product_brand?post=5879"},{"taxonomy":"product_cat","embeddable":true,"href":"https:\/\/mustveepuukool.ee\/et\/wp-json\/wp\/v2\/product_cat?post=5879"},{"taxonomy":"product_tag","embeddable":true,"href":"https:\/\/mustveepuukool.ee\/et\/wp-json\/wp\/v2\/product_tag?post=5879"}],"curies":[{"name":"wp","href":"https:\/\/api.w.org\/{rel}","templated":true}]}}