{"id":591,"date":"2024-01-16T21:09:37","date_gmt":"2024-01-16T21:09:37","guid":{"rendered":"https:\/\/mustveepuukool.ee\/?post_type=product&#038;p=591"},"modified":"2026-04-16T16:43:13","modified_gmt":"2026-04-16T16:43:13","slug":"hydrangea-paniculata-wims-red","status":"publish","type":"product","link":"https:\/\/mustveepuukool.ee\/et\/shop\/taimed\/ilupoosad\/hortensiad\/hydrangea-paniculata-wims-red\/","title":{"rendered":"Hydrangea paniculata &#8216;Wims Red&#8217;"},"content":{"rendered":"<p>Juulis on \u00f5ied valged, suve jooksul muutuvad need roosaks ning s\u00fcgiseks on neist saanud tumepunased \u00f5iekobarad. Purpursete v\u00f5rsetega p\u00f5\u00f5sas, ilus roheline lehestik saab s\u00fcgisel veinipunased toonid.<\/p>","protected":false},"excerpt":{"rendered":"<p>Aedhortensia<br \/>\u2191150-200cm <br \/>\u2194150-200cm <br \/>\u25d1\u3007 <br \/>\ua564 juuli-september <br \/>-29\u00b0C (5 tsoon)<\/p>","protected":false},"featured_media":592,"template":"","meta":[],"product_brand":[],"product_cat":[54],"product_tag":[],"class_list":{"0":"post-591","1":"product","2":"type-product","3":"status-publish","4":"has-post-thumbnail","6":"product_cat-hortensiad","7":"pa_suurus-15cm-pott","8":"pa_suurus-25cm-pott","10":"first","11":"instock","12":"shipping-taxable","13":"purchasable","14":"product-type-variable","15":"has-default-attributes"},"jetpack_sharing_enabled":true,"_links":{"self":[{"href":"https:\/\/mustveepuukool.ee\/et\/wp-json\/wp\/v2\/product\/591","targetHints":{"allow":["GET"]}}],"collection":[{"href":"https:\/\/mustveepuukool.ee\/et\/wp-json\/wp\/v2\/product"}],"about":[{"href":"https:\/\/mustveepuukool.ee\/et\/wp-json\/wp\/v2\/types\/product"}],"version-history":[{"count":2,"href":"https:\/\/mustveepuukool.ee\/et\/wp-json\/wp\/v2\/product\/591\/revisions"}],"predecessor-version":[{"id":4296,"href":"https:\/\/mustveepuukool.ee\/et\/wp-json\/wp\/v2\/product\/591\/revisions\/4296"}],"wp:featuredmedia":[{"embeddable":true,"href":"https:\/\/mustveepuukool.ee\/et\/wp-json\/wp\/v2\/media\/592"}],"wp:attachment":[{"href":"https:\/\/mustveepuukool.ee\/et\/wp-json\/wp\/v2\/media?parent=591"}],"wp:term":[{"taxonomy":"product_brand","embeddable":true,"href":"https:\/\/mustveepuukool.ee\/et\/wp-json\/wp\/v2\/product_brand?post=591"},{"taxonomy":"product_cat","embeddable":true,"href":"https:\/\/mustveepuukool.ee\/et\/wp-json\/wp\/v2\/product_cat?post=591"},{"taxonomy":"product_tag","embeddable":true,"href":"https:\/\/mustveepuukool.ee\/et\/wp-json\/wp\/v2\/product_tag?post=591"}],"curies":[{"name":"wp","href":"https:\/\/api.w.org\/{rel}","templated":true}]}}