{"id":5922,"date":"2025-01-14T09:09:58","date_gmt":"2025-01-14T09:09:58","guid":{"rendered":"https:\/\/mustveepuukool.ee\/?post_type=product&#038;p=5922"},"modified":"2026-04-29T13:04:33","modified_gmt":"2026-04-29T13:04:33","slug":"galium-odoratum","status":"publish","type":"product","link":"https:\/\/mustveepuukool.ee\/et\/shop\/taimed\/pusikud\/muud-pusikud\/galium-odoratum\/","title":{"rendered":"Galium odoratum"},"content":{"rendered":"<p>Ravitaim, s\u00f6\u00f6dav, pinnakatja. \u00d5ied on pisikesed, valged. Lehestik on tugeva l\u00f5hnaga (saab kasutada joogide, toidule maitsestamiseks). V\u00e4rsked \u00f5ied-koogi kaunistamiseks.<\/p>","protected":false},"excerpt":{"rendered":"<p>\u041f\u043e\u0434\u043c\u0430\u0440\u0435\u043d\u043d\u0438\u043a \u0434\u0443\u0448\u0438\u0441\u0442\u044b\u0439, \u044f\u0441\u043c\u0435\u043d\u043d\u0438\u043a, \u0441\u0435\u0440\u0434\u0435\u0447\u043d\u044b\u0439 \u0434\u0440\u0443\u0433, \u0448\u0435\u0440\u043e\u0448\u043d\u0438\u0446\u0430 \u0434\u0443\u0448\u0438\u0441\u0442\u0430\u044f, \u043f\u0435\u0447\u0435\u043d\u043e\u0447\u043d\u0430\u044f \u0442\u0440\u0430\u0432\u0430, \u043c\u0430\u0439\u0441\u043a\u0438\u0439 \u0446\u0432\u0435\u0442, \u043c\u0430\u0439\u0441\u043a\u0430\u044f \u0442\u0440\u0430\u0432\u0430, \u0447\u0430\u0439\u043d\u0430\u044f \u0442\u0440\u0430\u0432\u0430, \u043b\u0435\u0441\u043d\u043e\u0439 \u0447\u0430\u0439<br \/>\u2191 25 cm<br \/>\u25cf\u25d1\u3007<br \/>\ua564 mai-juuni<br \/>&#8212; 29\u00b0C (5 tsoon)<\/p>","protected":false},"featured_media":5923,"template":"","meta":[],"product_brand":[],"product_cat":[111],"product_tag":[],"class_list":{"0":"post-5922","1":"product","2":"type-product","3":"status-publish","4":"has-post-thumbnail","6":"product_cat-muud-pusikud","7":"pa_suurus-18-cm-pott","9":"first","10":"instock","11":"shipping-taxable","12":"purchasable","13":"product-type-variable","14":"has-default-attributes"},"jetpack_sharing_enabled":true,"_links":{"self":[{"href":"https:\/\/mustveepuukool.ee\/et\/wp-json\/wp\/v2\/product\/5922","targetHints":{"allow":["GET"]}}],"collection":[{"href":"https:\/\/mustveepuukool.ee\/et\/wp-json\/wp\/v2\/product"}],"about":[{"href":"https:\/\/mustveepuukool.ee\/et\/wp-json\/wp\/v2\/types\/product"}],"version-history":[{"count":3,"href":"https:\/\/mustveepuukool.ee\/et\/wp-json\/wp\/v2\/product\/5922\/revisions"}],"predecessor-version":[{"id":8619,"href":"https:\/\/mustveepuukool.ee\/et\/wp-json\/wp\/v2\/product\/5922\/revisions\/8619"}],"wp:featuredmedia":[{"embeddable":true,"href":"https:\/\/mustveepuukool.ee\/et\/wp-json\/wp\/v2\/media\/5923"}],"wp:attachment":[{"href":"https:\/\/mustveepuukool.ee\/et\/wp-json\/wp\/v2\/media?parent=5922"}],"wp:term":[{"taxonomy":"product_brand","embeddable":true,"href":"https:\/\/mustveepuukool.ee\/et\/wp-json\/wp\/v2\/product_brand?post=5922"},{"taxonomy":"product_cat","embeddable":true,"href":"https:\/\/mustveepuukool.ee\/et\/wp-json\/wp\/v2\/product_cat?post=5922"},{"taxonomy":"product_tag","embeddable":true,"href":"https:\/\/mustveepuukool.ee\/et\/wp-json\/wp\/v2\/product_tag?post=5922"}],"curies":[{"name":"wp","href":"https:\/\/api.w.org\/{rel}","templated":true}]}}