{"id":593,"date":"2024-01-16T21:14:18","date_gmt":"2024-01-16T21:14:18","guid":{"rendered":"https:\/\/mustveepuukool.ee\/?post_type=product&#038;p=593"},"modified":"2026-04-16T16:34:24","modified_gmt":"2026-04-16T16:34:24","slug":"hydrangea-paniculata-diamant-rouge","status":"publish","type":"product","link":"https:\/\/mustveepuukool.ee\/et\/shop\/taimed\/ilupoosad\/hortensiad\/hydrangea-paniculata-diamant-rouge\/","title":{"rendered":"Hydrangea paniculata &#8216;Diamond Rouge&#8217;"},"content":{"rendered":"<p>Erakordne sort, esiteks tegemist on \u00fchtede pikemalt p\u00fcsivate ning teisalt punasemate \u00f5isikutega. Algselt avanevad \u00f5isikud on valged, seej\u00e4rel v\u00e4rvuvad need roosaks ning kusagil augustis muutuvad s\u00e4rav purpur\/punaseks.<\/p>","protected":false},"excerpt":{"rendered":"<p>Aedhortensia<br \/>\u2191 150cm <br \/>\u2194 120cm <br \/>\u25d1\u3007 <br \/>\ua564 juuli-september <br \/>&#8212; 29\u00b0C (5 tsoon)<\/p>","protected":false},"featured_media":595,"template":"","meta":[],"product_brand":[],"product_cat":[54],"product_tag":[],"class_list":{"0":"post-593","1":"product","2":"type-product","3":"status-publish","4":"has-post-thumbnail","6":"product_cat-hortensiad","7":"pa_suurus-15cm-pott","8":"pa_suurus-25cm-pott","10":"first","11":"instock","12":"shipping-taxable","13":"purchasable","14":"product-type-variable","15":"has-default-attributes"},"jetpack_sharing_enabled":true,"_links":{"self":[{"href":"https:\/\/mustveepuukool.ee\/et\/wp-json\/wp\/v2\/product\/593","targetHints":{"allow":["GET"]}}],"collection":[{"href":"https:\/\/mustveepuukool.ee\/et\/wp-json\/wp\/v2\/product"}],"about":[{"href":"https:\/\/mustveepuukool.ee\/et\/wp-json\/wp\/v2\/types\/product"}],"version-history":[{"count":2,"href":"https:\/\/mustveepuukool.ee\/et\/wp-json\/wp\/v2\/product\/593\/revisions"}],"predecessor-version":[{"id":4303,"href":"https:\/\/mustveepuukool.ee\/et\/wp-json\/wp\/v2\/product\/593\/revisions\/4303"}],"wp:featuredmedia":[{"embeddable":true,"href":"https:\/\/mustveepuukool.ee\/et\/wp-json\/wp\/v2\/media\/595"}],"wp:attachment":[{"href":"https:\/\/mustveepuukool.ee\/et\/wp-json\/wp\/v2\/media?parent=593"}],"wp:term":[{"taxonomy":"product_brand","embeddable":true,"href":"https:\/\/mustveepuukool.ee\/et\/wp-json\/wp\/v2\/product_brand?post=593"},{"taxonomy":"product_cat","embeddable":true,"href":"https:\/\/mustveepuukool.ee\/et\/wp-json\/wp\/v2\/product_cat?post=593"},{"taxonomy":"product_tag","embeddable":true,"href":"https:\/\/mustveepuukool.ee\/et\/wp-json\/wp\/v2\/product_tag?post=593"}],"curies":[{"name":"wp","href":"https:\/\/api.w.org\/{rel}","templated":true}]}}